{"id":33500,"date":"2025-03-25T14:25:46","date_gmt":"2025-03-25T12:25:46","guid":{"rendered":"https:\/\/rajudisain.eu\/?page_id=33500"},"modified":"2025-05-23T13:09:31","modified_gmt":"2025-05-23T10:09:31","slug":"carpets","status":"publish","type":"page","link":"https:\/\/rajudisain.eu\/et\/carpets\/","title":{"rendered":"Rugs"},"content":{"rendered":"<p>[et_pb_section fb_built=&#8221;1&#8243; admin_label=&#8221;Features Section&#8221; _builder_version=&#8221;4.19.4&#8243; background_color=&#8221;#CDD2CB&#8221; custom_margin_tablet=&#8221;-35px||||false|false&#8221; custom_margin_phone=&#8221;-35px||||false|false&#8221; custom_margin_last_edited=&#8221;on|tablet&#8221; custom_padding=&#8221;20px||0px||false|false&#8221; collapsed=&#8221;off&#8221; global_colors_info=&#8221;{}&#8221;][et_pb_row _builder_version=&#8221;4.19.4&#8243; _module_preset=&#8221;default&#8221; custom_margin=&#8221;0px||0px||false|false&#8221; custom_padding=&#8221;0px||0px||false|false&#8221; global_colors_info=&#8221;{}&#8221;][et_pb_column type=&#8221;4_4&#8243; _builder_version=&#8221;4.19.4&#8243; _module_preset=&#8221;default&#8221; global_colors_info=&#8221;{}&#8221;][et_pb_button button_url=&#8221;@ET-DC@eyJkeW5hbWljIjp0cnVlLCJjb250ZW50IjoicG9zdF9saW5rX3VybF9wYWdlIiwic2V0dGluZ3MiOnsicG9zdF9pZCI6IjI1MjI4In19@&#8221; button_text=&#8221;All products&#8221; _builder_version=&#8221;4.19.4&#8243; _dynamic_attributes=&#8221;button_url&#8221; _module_preset=&#8221;default&#8221; custom_button=&#8221;on&#8221; button_text_size=&#8221;16px&#8221; button_text_color=&#8221;#000000&#8243; button_bg_color=&#8221;#CDD2CB&#8221; button_border_width=&#8221;0px&#8221; button_border_radius=&#8221;0px&#8221; button_letter_spacing=&#8221;1px&#8221; button_font=&#8221;Roboto|500|||on||||solid&#8221; button_icon=&#8221;&#x4a;||divi||400&#8243; button_icon_color=&#8221;#000000&#8243; button_icon_placement=&#8221;left&#8221; button_on_hover=&#8221;off&#8221; global_colors_info=&#8221;{}&#8221;][\/et_pb_button][\/et_pb_column][\/et_pb_row][et_pb_row _builder_version=&#8221;4.16&#8243; custom_padding=&#8221;20px|||&#8221; locked=&#8221;off&#8221; global_colors_info=&#8221;{}&#8221;][et_pb_column type=&#8221;4_4&#8243; _builder_version=&#8221;4.16&#8243; custom_padding=&#8221;|||&#8221; global_colors_info=&#8221;{}&#8221; custom_padding__hover=&#8221;|||&#8221;][et_pb_text admin_label=&#8221;title_All products&#8221; _builder_version=&#8221;4.21.0&#8243; text_font=&#8221;||||||||&#8221; header_font=&#8221;Roboto|700||on|||||&#8221; header_text_align=&#8221;center&#8221; header_font_size=&#8221;52px&#8221; header_letter_spacing=&#8221;4px&#8221; header_line_height=&#8221;1.2em&#8221; header_2_font=&#8221;||||||||&#8221; module_alignment=&#8221;center&#8221; custom_margin=&#8221;|||&#8221; custom_padding=&#8221;|||&#8221; animation_style=&#8221;fade&#8221; header_font_size_tablet=&#8221;40px&#8221; header_font_size_phone=&#8221;&#8221; header_font_size_last_edited=&#8221;on|tablet&#8221; locked=&#8221;off&#8221; global_colors_info=&#8221;{}&#8221;]<\/p>\n<h1>VAIBAD<\/h1>\n<p>[\/et_pb_text][et_pb_divider color=&#8221;#FFFFFF&#8221; divider_weight=&#8221;2px&#8221; disabled_on=&#8221;off|off|off&#8221; admin_label=&#8221;Divider&#8221; _builder_version=&#8221;4.19.4&#8243; max_width=&#8221;100px&#8221; module_alignment=&#8221;center&#8221; animation_style=&#8221;fade&#8221; custom_css_main_element=&#8221;||&#8221; locked=&#8221;off&#8221; global_colors_info=&#8221;{}&#8221;][\/et_pb_divider][\/et_pb_column][\/et_pb_row][et_pb_row _builder_version=&#8221;4.21.0&#8243; _module_preset=&#8221;default&#8221; global_colors_info=&#8221;{}&#8221;][et_pb_column type=&#8221;4_4&#8243; _builder_version=&#8221;4.21.0&#8243; _module_preset=&#8221;default&#8221; global_colors_info=&#8221;{}&#8221;][et_pb_text _builder_version=&#8221;4.21.0&#8243; _module_preset=&#8221;default&#8221; text_font_size=&#8221;16px&#8221; hover_enabled=&#8221;0&#8243; global_colors_info=&#8221;{}&#8221; sticky_enabled=&#8221;0&#8243;]<\/p>\n<p class=\"\" data-start=\"274\" data-end=\"616\">Vaibakollektsiooni <em data-start=\"216\" data-end=\"227\">Elupuu\u00f5is<\/em> peamised omadused:<\/p>\n<p style=\"padding-left: 40px;\"><img loading=\"lazy\" decoding=\"async\" class=\"wp-image-25343 alignnone size-medium\" src=\"http:\/\/rajudisain.eu\/wp-content\/uploads\/2023\/01\/tick-gc53f88864_1280-300x294.png\" alt=\"\" width=\"23\" height=\"22\" \/><strong data-start=\"249\" data-end=\"265\">Looduslik vill<\/strong>: pehme ja keskkonnas\u00f5bralik materjal, mis on mustuse- ja plekikindel.<\/p>\n<p style=\"padding-left: 40px;\"><img loading=\"lazy\" decoding=\"async\" class=\"wp-image-25343 alignnone size-medium\" src=\"http:\/\/rajudisain.eu\/wp-content\/uploads\/2023\/01\/tick-gc53f88864_1280-300x294.png\" alt=\"\" width=\"23\" height=\"22\" \/><strong data-start=\"340\" data-end=\"364\">Rahvakunstist inspireeritud<\/strong>: disain, mis \u00fchendab p\u00e4randi modernse stiiliga.<\/p>\n<p style=\"padding-left: 40px;\"><img loading=\"lazy\" decoding=\"async\" class=\"wp-image-25343 alignnone size-medium\" src=\"http:\/\/rajudisain.eu\/wp-content\/uploads\/2023\/01\/tick-gc53f88864_1280-300x294.png\" alt=\"\" width=\"23\" height=\"22\" \/><strong data-start=\"454\" data-end=\"469\">Neli v\u00e4rvitooni<\/strong>: saadaval neljas harmoneeruvas v\u00e4rvigammas, et sobituda igasse interj\u00f6\u00f6ri.<\/p>\n<p style=\"padding-left: 40px;\"><img loading=\"lazy\" decoding=\"async\" class=\"wp-image-25343 alignnone size-medium\" src=\"http:\/\/rajudisain.eu\/wp-content\/uploads\/2023\/01\/tick-gc53f88864_1280-300x294.png\" alt=\"\" width=\"23\" height=\"22\" \/><strong data-start=\"530\" data-end=\"545\">J\u00e4tkusuutlikkus<\/strong>: valmistatud naturaalsetest materjalidest, aidates kaasa rohelisemale elukeskkonnale.<\/p>\n<p>\u00a0 \u00a0 \u00a0 \u00a0 \u00a0<img loading=\"lazy\" decoding=\"async\" class=\"wp-image-25343 alignnone size-medium\" src=\"http:\/\/rajudisain.eu\/wp-content\/uploads\/2023\/01\/tick-gc53f88864_1280-300x294.png\" alt=\"\" width=\"23\" height=\"22\" \/><strong data-start=\"616\" data-end=\"636\">Ajatu kvaliteet<\/strong>: vastupidav ja kaunis ka aastate m\u00f6\u00f6dudes.<\/p>\n<p>See kollektsioon nomineeriti 2022. aastal mainekale Bruno disainiauhinnale, tunnustades selle ainulaadset traditsioonilise rahvakunsti ja modernse disaini kombinatsiooni. Loe nominatsiooni kohta l\u00e4hemalt <a href=\"https:\/\/www.edl.ee\/konkurss#16\/1054\" target=\"_blank\" rel=\"noopener\">siin<\/a><\/p>\n<p>Avasta <em data-start=\"723\" data-end=\"734\">Elupuu\u00f5is<\/em> kollektsioon ja leia oma ruumi jaoks sobiv vaip.<\/p>\n<p>[\/et_pb_text][\/et_pb_column][\/et_pb_row][\/et_pb_section][et_pb_section fb_built=&#8221;1&#8243; _builder_version=&#8221;4.19.4&#8243; background_color=&#8221;#CDD2CB&#8221; custom_padding=&#8221;|||&#8221; collapsed=&#8221;off&#8221; global_colors_info=&#8221;{}&#8221;][et_pb_row admin_label=&#8221;Row&#8221; _builder_version=&#8221;4.19.4&#8243; custom_margin=&#8221;|||&#8221; custom_padding=&#8221;|||&#8221; animation_style=&#8221;fade&#8221; animation_direction=&#8221;left&#8221; animation_duration=&#8221;1100ms&#8221; collapsed=&#8221;off&#8221; global_colors_info=&#8221;{}&#8221;][et_pb_column type=&#8221;4_4&#8243; _builder_version=&#8221;4.16&#8243; custom_padding=&#8221;|||&#8221; global_colors_info=&#8221;{}&#8221; custom_padding__hover=&#8221;|||&#8221;][et_pb_shop type=&#8221;product_category&#8221; posts_number=&#8221;66&#8243; include_categories=&#8221;45&#8243; columns_number=&#8221;4&#8243; orderby=&#8221;menu_order&#8221; icon_hover_color=&#8221;#ffffff&#8221; hover_overlay_color=&#8221;rgba(0,0,0,0.65)&#8221; hover_icon=&#8221;&#x24;||divi||400&#8243; show_price=&#8221;off&#8221; show_rating=&#8221;off&#8221; show_sale_badge=&#8221;off&#8221; admin_label=&#8221;Woo Products&#8221; _builder_version=&#8221;4.21.0&#8243; title_font=&#8221;Roboto||||&#8221; title_text_color=&#8221;#000000&#8243; price_font=&#8221;|600|||||||&#8221; price_text_color=&#8221;#ffb500&#8243; global_colors_info=&#8221;{}&#8221;][\/et_pb_shop][\/et_pb_column][\/et_pb_row][\/et_pb_section]<\/p>","protected":false},"excerpt":{"rendered":"<p>RUGSKey Features of the Elupuu\u00f5is Rug Collection: Natural Wool: Durable, soft, and eco-friendly material that resists dirt and stains. Folk Art Inspiration: Heritage woven into contemporary design. Four Colors: Available in four versatile shades to suit any interior. Sustainable: Made with biodegradable materials, contributing to a greener home. \u00a0 \u00a0 \u00a0 \u00a0 \u00a0Timeless Quality: Crafted [&hellip;]<\/p>","protected":false},"author":73,"featured_media":0,"parent":0,"menu_order":0,"comment_status":"closed","ping_status":"closed","template":"","meta":{"_et_pb_use_builder":"on","_et_pb_old_content":"","_et_gb_content_width":"","footnotes":""},"class_list":["post-33500","page","type-page","status-publish","hentry"],"yoast_head":"<!-- This site is optimized with the Yoast SEO plugin v25.0 - https:\/\/yoast.com\/wordpress\/plugins\/seo\/ -->\n<title>Raju Disain - Rugs<\/title>\n<meta name=\"description\" content=\"Explore our stunning carpets \u2013 stylish, sustainable, and handcrafted to add warmth and character to your space.\" \/>\n<meta name=\"robots\" content=\"index, follow, max-snippet:-1, max-image-preview:large, max-video-preview:-1\" \/>\n<link rel=\"canonical\" href=\"https:\/\/rajudisain.eu\/et\/carpets\/\" \/>\n<meta property=\"og:locale\" content=\"et_EE\" \/>\n<meta property=\"og:type\" content=\"article\" \/>\n<meta property=\"og:title\" content=\"Raju Disain - Rugs\" \/>\n<meta property=\"og:description\" content=\"Discover our soft and colorful full cotton plaids, perfect for wrapping up inside or outside. Made from high-quality cotton, they&#039;re durable, easy to maintain, and allergy-free. Unlike fleece, they also don&#039;t emit microplastics into the water. Plus, our plaids are colored with safe natural colors and made from 100% textile fiber, making them easy to recycle.\" \/>\n<meta property=\"og:url\" content=\"https:\/\/rajudisain.eu\/et\/carpets\/\" \/>\n<meta property=\"og:site_name\" content=\"Raju Disain\" \/>\n<meta property=\"article:modified_time\" content=\"2025-05-23T10:09:31+00:00\" \/>\n<meta property=\"og:image\" content=\"http:\/\/rajudisain.eu\/wp-content\/uploads\/2023\/01\/tick-gc53f88864_1280-300x294.png\" \/>\n<meta name=\"twitter:card\" content=\"summary_large_image\" \/>\n<meta name=\"twitter:label1\" content=\"Est. reading time\" \/>\n\t<meta name=\"twitter:data1\" content=\"3 minutit\" \/>\n<script type=\"application\/ld+json\" class=\"yoast-schema-graph\">{\"@context\":\"https:\/\/schema.org\",\"@graph\":[{\"@type\":\"WebPage\",\"@id\":\"https:\/\/rajudisain.eu\/et\/carpets\/\",\"url\":\"https:\/\/rajudisain.eu\/et\/carpets\/\",\"name\":\"Raju Disain - Rugs\",\"isPartOf\":{\"@id\":\"https:\/\/www.rajudisain.eu\/#website\"},\"primaryImageOfPage\":{\"@id\":\"https:\/\/rajudisain.eu\/et\/carpets\/#primaryimage\"},\"image\":{\"@id\":\"https:\/\/rajudisain.eu\/et\/carpets\/#primaryimage\"},\"thumbnailUrl\":\"http:\/\/rajudisain.eu\/wp-content\/uploads\/2023\/01\/tick-gc53f88864_1280-300x294.png\",\"datePublished\":\"2025-03-25T12:25:46+00:00\",\"dateModified\":\"2025-05-23T10:09:31+00:00\",\"description\":\"Explore our stunning carpets \u2013 stylish, sustainable, and handcrafted to add warmth and character to your space.\",\"breadcrumb\":{\"@id\":\"https:\/\/rajudisain.eu\/et\/carpets\/#breadcrumb\"},\"inLanguage\":\"et\",\"potentialAction\":[{\"@type\":\"ReadAction\",\"target\":[\"https:\/\/rajudisain.eu\/et\/carpets\/\"]}]},{\"@type\":\"ImageObject\",\"inLanguage\":\"et\",\"@id\":\"https:\/\/rajudisain.eu\/et\/carpets\/#primaryimage\",\"url\":\"http:\/\/rajudisain.eu\/wp-content\/uploads\/2023\/01\/tick-gc53f88864_1280-300x294.png\",\"contentUrl\":\"http:\/\/rajudisain.eu\/wp-content\/uploads\/2023\/01\/tick-gc53f88864_1280-300x294.png\"},{\"@type\":\"BreadcrumbList\",\"@id\":\"https:\/\/rajudisain.eu\/et\/carpets\/#breadcrumb\",\"itemListElement\":[{\"@type\":\"ListItem\",\"position\":1,\"name\":\"Home\",\"item\":\"https:\/\/www.rajudisain.eu\/\"},{\"@type\":\"ListItem\",\"position\":2,\"name\":\"Rugs\"}]},{\"@type\":\"WebSite\",\"@id\":\"https:\/\/www.rajudisain.eu\/#website\",\"url\":\"https:\/\/www.rajudisain.eu\/\",\"name\":\"Raju Disain\",\"description\":\"Estonian design products  that embrace your senses and support the planet\",\"publisher\":{\"@id\":\"https:\/\/www.rajudisain.eu\/#organization\"},\"potentialAction\":[{\"@type\":\"SearchAction\",\"target\":{\"@type\":\"EntryPoint\",\"urlTemplate\":\"https:\/\/www.rajudisain.eu\/?s={search_term_string}\"},\"query-input\":{\"@type\":\"PropertyValueSpecification\",\"valueRequired\":true,\"valueName\":\"search_term_string\"}}],\"inLanguage\":\"et\"},{\"@type\":\"Organization\",\"@id\":\"https:\/\/www.rajudisain.eu\/#organization\",\"name\":\"Raju Disain\",\"url\":\"https:\/\/www.rajudisain.eu\/\",\"logo\":{\"@type\":\"ImageObject\",\"inLanguage\":\"et\",\"@id\":\"https:\/\/www.rajudisain.eu\/#\/schema\/logo\/image\/\",\"url\":\"https:\/\/www.rajudisain.eu\/wp-content\/uploads\/2022\/07\/RAJU_logo_kirjata.png\",\"contentUrl\":\"https:\/\/www.rajudisain.eu\/wp-content\/uploads\/2022\/07\/RAJU_logo_kirjata.png\",\"width\":1190,\"height\":396,\"caption\":\"Raju Disain\"},\"image\":{\"@id\":\"https:\/\/www.rajudisain.eu\/#\/schema\/logo\/image\/\"}}]}<\/script>\n<!-- \/ Yoast SEO plugin. -->","yoast_head_json":{"title":"Raju Disain - Rugs","description":"Explore our stunning carpets \u2013 stylish, sustainable, and handcrafted to add warmth and character to your space.","robots":{"index":"index","follow":"follow","max-snippet":"max-snippet:-1","max-image-preview":"max-image-preview:large","max-video-preview":"max-video-preview:-1"},"canonical":"https:\/\/rajudisain.eu\/et\/carpets\/","og_locale":"et_EE","og_type":"article","og_title":"Raju Disain - Rugs","og_description":"Discover our soft and colorful full cotton plaids, perfect for wrapping up inside or outside. Made from high-quality cotton, they're durable, easy to maintain, and allergy-free. Unlike fleece, they also don't emit microplastics into the water. Plus, our plaids are colored with safe natural colors and made from 100% textile fiber, making them easy to recycle.","og_url":"https:\/\/rajudisain.eu\/et\/carpets\/","og_site_name":"Raju Disain","article_modified_time":"2025-05-23T10:09:31+00:00","og_image":[{"url":"http:\/\/rajudisain.eu\/wp-content\/uploads\/2023\/01\/tick-gc53f88864_1280-300x294.png","type":"","width":"","height":""}],"twitter_card":"summary_large_image","twitter_misc":{"Est. reading time":"3 minutit"},"schema":{"@context":"https:\/\/schema.org","@graph":[{"@type":"WebPage","@id":"https:\/\/rajudisain.eu\/et\/carpets\/","url":"https:\/\/rajudisain.eu\/et\/carpets\/","name":"Raju Disain - Rugs","isPartOf":{"@id":"https:\/\/www.rajudisain.eu\/#website"},"primaryImageOfPage":{"@id":"https:\/\/rajudisain.eu\/et\/carpets\/#primaryimage"},"image":{"@id":"https:\/\/rajudisain.eu\/et\/carpets\/#primaryimage"},"thumbnailUrl":"http:\/\/rajudisain.eu\/wp-content\/uploads\/2023\/01\/tick-gc53f88864_1280-300x294.png","datePublished":"2025-03-25T12:25:46+00:00","dateModified":"2025-05-23T10:09:31+00:00","description":"Explore our stunning carpets \u2013 stylish, sustainable, and handcrafted to add warmth and character to your space.","breadcrumb":{"@id":"https:\/\/rajudisain.eu\/et\/carpets\/#breadcrumb"},"inLanguage":"et","potentialAction":[{"@type":"ReadAction","target":["https:\/\/rajudisain.eu\/et\/carpets\/"]}]},{"@type":"ImageObject","inLanguage":"et","@id":"https:\/\/rajudisain.eu\/et\/carpets\/#primaryimage","url":"http:\/\/rajudisain.eu\/wp-content\/uploads\/2023\/01\/tick-gc53f88864_1280-300x294.png","contentUrl":"http:\/\/rajudisain.eu\/wp-content\/uploads\/2023\/01\/tick-gc53f88864_1280-300x294.png"},{"@type":"BreadcrumbList","@id":"https:\/\/rajudisain.eu\/et\/carpets\/#breadcrumb","itemListElement":[{"@type":"ListItem","position":1,"name":"Home","item":"https:\/\/www.rajudisain.eu\/"},{"@type":"ListItem","position":2,"name":"Rugs"}]},{"@type":"WebSite","@id":"https:\/\/www.rajudisain.eu\/#website","url":"https:\/\/www.rajudisain.eu\/","name":"Raju Disain","description":"Estonian design products  that embrace your senses and support the planet","publisher":{"@id":"https:\/\/www.rajudisain.eu\/#organization"},"potentialAction":[{"@type":"SearchAction","target":{"@type":"EntryPoint","urlTemplate":"https:\/\/www.rajudisain.eu\/?s={search_term_string}"},"query-input":{"@type":"PropertyValueSpecification","valueRequired":true,"valueName":"search_term_string"}}],"inLanguage":"et"},{"@type":"Organization","@id":"https:\/\/www.rajudisain.eu\/#organization","name":"Raju Disain","url":"https:\/\/www.rajudisain.eu\/","logo":{"@type":"ImageObject","inLanguage":"et","@id":"https:\/\/www.rajudisain.eu\/#\/schema\/logo\/image\/","url":"https:\/\/www.rajudisain.eu\/wp-content\/uploads\/2022\/07\/RAJU_logo_kirjata.png","contentUrl":"https:\/\/www.rajudisain.eu\/wp-content\/uploads\/2022\/07\/RAJU_logo_kirjata.png","width":1190,"height":396,"caption":"Raju Disain"},"image":{"@id":"https:\/\/www.rajudisain.eu\/#\/schema\/logo\/image\/"}}]}},"_links":{"self":[{"href":"https:\/\/rajudisain.eu\/et\/wp-json\/wp\/v2\/pages\/33500","targetHints":{"allow":["GET"]}}],"collection":[{"href":"https:\/\/rajudisain.eu\/et\/wp-json\/wp\/v2\/pages"}],"about":[{"href":"https:\/\/rajudisain.eu\/et\/wp-json\/wp\/v2\/types\/page"}],"author":[{"embeddable":true,"href":"https:\/\/rajudisain.eu\/et\/wp-json\/wp\/v2\/users\/73"}],"replies":[{"embeddable":true,"href":"https:\/\/rajudisain.eu\/et\/wp-json\/wp\/v2\/comments?post=33500"}],"version-history":[{"count":5,"href":"https:\/\/rajudisain.eu\/et\/wp-json\/wp\/v2\/pages\/33500\/revisions"}],"predecessor-version":[{"id":33593,"href":"https:\/\/rajudisain.eu\/et\/wp-json\/wp\/v2\/pages\/33500\/revisions\/33593"}],"wp:attachment":[{"href":"https:\/\/rajudisain.eu\/et\/wp-json\/wp\/v2\/media?parent=33500"}],"curies":[{"name":"wp","href":"https:\/\/api.w.org\/{rel}","templated":true}]}}