{"id":33464,"date":"2025-03-22T00:05:38","date_gmt":"2025-03-21T22:05:38","guid":{"rendered":"https:\/\/rajudisain.eu\/?page_id=33464"},"modified":"2025-03-22T00:05:44","modified_gmt":"2025-03-21T22:05:44","slug":"weight-plates","status":"publish","type":"page","link":"https:\/\/rajudisain.eu\/et\/weight-plates\/","title":{"rendered":"StoneFit Weight Plates"},"content":{"rendered":"<p>[et_pb_section fb_built=&#8221;1&#8243; admin_label=&#8221;Features Section&#8221; _builder_version=&#8221;4.19.4&#8243; background_color=&#8221;#CDD2CB&#8221; custom_margin_tablet=&#8221;-35px||||false|false&#8221; custom_margin_phone=&#8221;-35px||||false|false&#8221; custom_margin_last_edited=&#8221;on|tablet&#8221; custom_padding=&#8221;20px||0px||false|false&#8221; hover_enabled=&#8221;0&#8243; collapsed=&#8221;off&#8221; global_colors_info=&#8221;{}&#8221; sticky_enabled=&#8221;0&#8243;][et_pb_row _builder_version=&#8221;4.19.4&#8243; _module_preset=&#8221;default&#8221; custom_margin=&#8221;0px||0px||false|false&#8221; custom_padding=&#8221;0px||0px||false|false&#8221; global_colors_info=&#8221;{}&#8221;][et_pb_column type=&#8221;4_4&#8243; _builder_version=&#8221;4.19.4&#8243; _module_preset=&#8221;default&#8221; global_colors_info=&#8221;{}&#8221;][et_pb_button button_url=&#8221;@ET-DC@eyJkeW5hbWljIjp0cnVlLCJjb250ZW50IjoicG9zdF9saW5rX3VybF9wYWdlIiwic2V0dGluZ3MiOnsicG9zdF9pZCI6IjI1MjI4In19@&#8221; button_text=&#8221;All products&#8221; _builder_version=&#8221;4.19.4&#8243; _dynamic_attributes=&#8221;button_url&#8221; _module_preset=&#8221;default&#8221; custom_button=&#8221;on&#8221; button_text_size=&#8221;16px&#8221; button_text_color=&#8221;#000000&#8243; button_bg_color=&#8221;#CDD2CB&#8221; button_border_width=&#8221;0px&#8221; button_border_radius=&#8221;0px&#8221; button_font=&#8221;Roboto|500|||on|||#000000|&#8221; button_icon=&#8221;&#x4a;||divi||400&#8243; button_icon_color=&#8221;#000000&#8243; button_icon_placement=&#8221;left&#8221; button_on_hover=&#8221;off&#8221; global_colors_info=&#8221;{}&#8221;][\/et_pb_button][\/et_pb_column][\/et_pb_row][et_pb_row _builder_version=&#8221;4.16&#8243; custom_padding=&#8221;20px|||&#8221; locked=&#8221;off&#8221; global_colors_info=&#8221;{}&#8221;][et_pb_column type=&#8221;4_4&#8243; _builder_version=&#8221;4.16&#8243; custom_padding=&#8221;|||&#8221; global_colors_info=&#8221;{}&#8221; custom_padding__hover=&#8221;|||&#8221;][et_pb_text admin_label=&#8221;title_All products&#8221; _builder_version=&#8221;4.21.0&#8243; text_font=&#8221;||||||||&#8221; header_font=&#8221;Roboto|700||on|||||&#8221; header_text_align=&#8221;center&#8221; header_font_size=&#8221;52px&#8221; header_letter_spacing=&#8221;4px&#8221; header_line_height=&#8221;1.2em&#8221; header_2_font=&#8221;||||||||&#8221; module_alignment=&#8221;center&#8221; custom_margin=&#8221;|||&#8221; custom_padding=&#8221;|||&#8221; animation_style=&#8221;fade&#8221; header_font_size_tablet=&#8221;40px&#8221; header_font_size_phone=&#8221;&#8221; header_font_size_last_edited=&#8221;on|tablet&#8221; locked=&#8221;off&#8221; global_colors_info=&#8221;{}&#8221;]<\/p>\n<h1>LOODUSKIVIST TREENINGKETTAD<\/h1>\n<p>[\/et_pb_text][et_pb_divider color=&#8221;#FFFFFF&#8221; divider_weight=&#8221;2px&#8221; disabled_on=&#8221;off|off|off&#8221; admin_label=&#8221;Divider&#8221; _builder_version=&#8221;4.19.4&#8243; max_width=&#8221;100px&#8221; module_alignment=&#8221;center&#8221; animation_style=&#8221;fade&#8221; custom_css_main_element=&#8221;||&#8221; locked=&#8221;off&#8221; global_colors_info=&#8221;{}&#8221;][\/et_pb_divider][\/et_pb_column][\/et_pb_row][et_pb_row _builder_version=&#8221;4.20.2&#8243; _module_preset=&#8221;default&#8221; global_colors_info=&#8221;{}&#8221;][et_pb_column type=&#8221;4_4&#8243; _builder_version=&#8221;4.20.2&#8243; _module_preset=&#8221;default&#8221; hover_enabled=&#8221;0&#8243; global_colors_info=&#8221;{}&#8221; sticky_enabled=&#8221;0&#8243;][et_pb_text _builder_version=&#8221;4.21.0&#8243; _module_preset=&#8221;default&#8221; text_font_size=&#8221;16px&#8221; hover_enabled=&#8221;0&#8243; global_colors_info=&#8221;{}&#8221; sticky_enabled=&#8221;0&#8243;]<\/p>\n<p class=\"text-node\" data-pm-slice=\"1 1 []\">Need vastupidavad ja stiilsed treeningkettad on m\u00f5eldud mitmek\u00fclgseks kasutamiseks ning need sobivad paljudeks erinevateks harjutusteks.<\/p>\n<p style=\"padding-left: 40px;\"><img loading=\"lazy\" decoding=\"async\" class=\"wp-image-25343 alignnone size-medium\" src=\"http:\/\/rajudisain.eu\/wp-content\/uploads\/2023\/01\/tick-gc53f88864_1280-300x294.png\" alt=\"\" width=\"23\" height=\"22\" \/>Iga ketta keskel on elegantne looduslik kivi, mida \u00fcmbritseb v\u00e4rvitud MDF-r\u00f5ngas mugavaks ja turvaliseks haardeks.<\/p>\n<p style=\"padding-left: 40px;\"><img loading=\"lazy\" decoding=\"async\" class=\"wp-image-25343 alignnone size-medium\" src=\"http:\/\/rajudisain.eu\/wp-content\/uploads\/2023\/01\/tick-gc53f88864_1280-300x294.png\" alt=\"\" width=\"23\" height=\"22\" \/>Kui treeninguks aega pole toimib plaat ka peene lauaaktsendina v\u00f5i eksklusiivse sisekujundusdetailina. Vastupidavate materjalide ja elegantse disaini kombinatsioon teeb sellest nii funktsionaalse treeningvahendi kui ka pilkup\u00fc\u00fcdva sisustuselemendi.<\/p>\n<p style=\"padding-left: 40px;\"><img loading=\"lazy\" decoding=\"async\" class=\"wp-image-25343 alignnone size-medium\" src=\"http:\/\/rajudisain.eu\/wp-content\/uploads\/2023\/01\/tick-gc53f88864_1280-300x294.png\" alt=\"\" width=\"23\" height=\"22\" \/>Toote eesm\u00e4rk on tuua esile loodusliku kivi ilu, mille ainulaadsed ja k\u00f6itvad mustrid teevad selle nii eriliseks ning samal ajal andes uue elu kivij\u00e4\u00e4kidele.<\/p>\n<p style=\"padding-left: 40px;\"><img loading=\"lazy\" decoding=\"async\" class=\"wp-image-25343 alignnone size-medium\" src=\"http:\/\/rajudisain.eu\/wp-content\/uploads\/2023\/01\/tick-gc53f88864_1280-300x294.png\" alt=\"\" width=\"23\" height=\"22\" \/>Saadaval piiratud koguses.<\/p>\n<p>[\/et_pb_text][\/et_pb_column][\/et_pb_row][\/et_pb_section][et_pb_section fb_built=&#8221;1&#8243; _builder_version=&#8221;4.19.4&#8243; background_color=&#8221;#CDD2CB&#8221; custom_padding=&#8221;|||&#8221; collapsed=&#8221;off&#8221; global_colors_info=&#8221;{}&#8221;][et_pb_row _builder_version=&#8221;4.19.4&#8243; custom_margin=&#8221;|||&#8221; custom_padding=&#8221;|||&#8221; animation_style=&#8221;fade&#8221; collapsed=&#8221;off&#8221; global_colors_info=&#8221;{}&#8221;][et_pb_column type=&#8221;4_4&#8243; _builder_version=&#8221;4.16&#8243; custom_padding=&#8221;|||&#8221; global_colors_info=&#8221;{}&#8221; custom_padding__hover=&#8221;|||&#8221;][et_pb_shop type=&#8221;product_category&#8221; posts_number=&#8221;66&#8243; include_categories=&#8221;100&#8243; columns_number=&#8221;4&#8243; orderby=&#8221;menu_order&#8221; icon_hover_color=&#8221;#ffffff&#8221; hover_overlay_color=&#8221;rgba(0,0,0,0.65)&#8221; hover_icon=&#8221;&#x24;||divi||400&#8243; show_price=&#8221;off&#8221; show_rating=&#8221;off&#8221; show_sale_badge=&#8221;off&#8221; admin_label=&#8221;Woo Products&#8221; _builder_version=&#8221;4.21.0&#8243; title_font=&#8221;Roboto||||&#8221; title_text_color=&#8221;#000000&#8243; price_font=&#8221;|600|||||||&#8221; price_text_color=&#8221;#ffb500&#8243; global_colors_info=&#8221;{}&#8221;][\/et_pb_shop][\/et_pb_column][\/et_pb_row][\/et_pb_section]<\/p>","protected":false},"excerpt":{"rendered":"<p>Stone fit weight platesThese durable and stylish workout discs are designed for versatile use and are suitable for a wide range of exercises. The center of each disc features elegant natural stone, surrounded by a painted MDF ring for a comfortable and secure grip. When there\u2019s no time for a workout, the disc also serves [&hellip;]<\/p>","protected":false},"author":1,"featured_media":0,"parent":0,"menu_order":0,"comment_status":"closed","ping_status":"closed","template":"","meta":{"_et_pb_use_builder":"on","_et_pb_old_content":"","_et_gb_content_width":"","footnotes":""},"class_list":["post-33464","page","type-page","status-publish","hentry"],"yoast_head":"<!-- This site is optimized with the Yoast SEO plugin v25.0 - https:\/\/yoast.com\/wordpress\/plugins\/seo\/ -->\n<title>Raju Disain - StoneFit Weight Plates<\/title>\n<meta name=\"description\" content=\"StoneFit Weight Plates combine durable natural stone with a secure MDF grip. Designed for both workouts and interior aesthetics, they offer strength and style.\" \/>\n<meta name=\"robots\" content=\"index, follow, max-snippet:-1, max-image-preview:large, max-video-preview:-1\" \/>\n<link rel=\"canonical\" href=\"https:\/\/rajudisain.eu\/et\/weight-plates\/\" \/>\n<meta property=\"og:locale\" content=\"et_EE\" \/>\n<meta property=\"og:type\" content=\"article\" \/>\n<meta property=\"og:title\" content=\"Raju Disain - StoneFit Weight Plates\" \/>\n<meta property=\"og:description\" content=\"Elevate your home decor with unique and stylish paper wallpaper that is not only beautiful but also eco-friendly. Our paper wallpaper is made from natural fibers and does not emit any toxic chemicals or pollutants, making it suitable for use in the living rooms of small children and allergy sufferers. With breathable material, it regulates the temperature of your room, prevents moisture buildup, and is easy to install and remove. Browse our collection and discover the perfect wallpaper pattern inspired by nature, art, and culture for your home.\" \/>\n<meta property=\"og:url\" content=\"https:\/\/rajudisain.eu\/et\/weight-plates\/\" \/>\n<meta property=\"og:site_name\" content=\"Raju Disain\" \/>\n<meta property=\"article:modified_time\" content=\"2025-03-21T22:05:44+00:00\" \/>\n<meta property=\"og:image\" content=\"http:\/\/rajudisain.eu\/wp-content\/uploads\/2023\/01\/tick-gc53f88864_1280-300x294.png\" \/>\n<meta name=\"twitter:card\" content=\"summary_large_image\" \/>\n<meta name=\"twitter:label1\" content=\"Est. reading time\" \/>\n\t<meta name=\"twitter:data1\" content=\"2 minutit\" \/>\n<script type=\"application\/ld+json\" class=\"yoast-schema-graph\">{\"@context\":\"https:\/\/schema.org\",\"@graph\":[{\"@type\":\"WebPage\",\"@id\":\"https:\/\/rajudisain.eu\/et\/weight-plates\/\",\"url\":\"https:\/\/rajudisain.eu\/et\/weight-plates\/\",\"name\":\"Raju Disain - StoneFit Weight Plates\",\"isPartOf\":{\"@id\":\"https:\/\/www.rajudisain.eu\/#website\"},\"primaryImageOfPage\":{\"@id\":\"https:\/\/rajudisain.eu\/et\/weight-plates\/#primaryimage\"},\"image\":{\"@id\":\"https:\/\/rajudisain.eu\/et\/weight-plates\/#primaryimage\"},\"thumbnailUrl\":\"http:\/\/rajudisain.eu\/wp-content\/uploads\/2023\/01\/tick-gc53f88864_1280-300x294.png\",\"datePublished\":\"2025-03-21T22:05:38+00:00\",\"dateModified\":\"2025-03-21T22:05:44+00:00\",\"description\":\"StoneFit Weight Plates combine durable natural stone with a secure MDF grip. Designed for both workouts and interior aesthetics, they offer strength and style.\",\"breadcrumb\":{\"@id\":\"https:\/\/rajudisain.eu\/et\/weight-plates\/#breadcrumb\"},\"inLanguage\":\"et\",\"potentialAction\":[{\"@type\":\"ReadAction\",\"target\":[\"https:\/\/rajudisain.eu\/et\/weight-plates\/\"]}]},{\"@type\":\"ImageObject\",\"inLanguage\":\"et\",\"@id\":\"https:\/\/rajudisain.eu\/et\/weight-plates\/#primaryimage\",\"url\":\"http:\/\/rajudisain.eu\/wp-content\/uploads\/2023\/01\/tick-gc53f88864_1280-300x294.png\",\"contentUrl\":\"http:\/\/rajudisain.eu\/wp-content\/uploads\/2023\/01\/tick-gc53f88864_1280-300x294.png\"},{\"@type\":\"BreadcrumbList\",\"@id\":\"https:\/\/rajudisain.eu\/et\/weight-plates\/#breadcrumb\",\"itemListElement\":[{\"@type\":\"ListItem\",\"position\":1,\"name\":\"Home\",\"item\":\"https:\/\/www.rajudisain.eu\/\"},{\"@type\":\"ListItem\",\"position\":2,\"name\":\"StoneFit Weight Plates\"}]},{\"@type\":\"WebSite\",\"@id\":\"https:\/\/www.rajudisain.eu\/#website\",\"url\":\"https:\/\/www.rajudisain.eu\/\",\"name\":\"Raju Disain\",\"description\":\"Estonian design products  that embrace your senses and support the planet\",\"publisher\":{\"@id\":\"https:\/\/www.rajudisain.eu\/#organization\"},\"potentialAction\":[{\"@type\":\"SearchAction\",\"target\":{\"@type\":\"EntryPoint\",\"urlTemplate\":\"https:\/\/www.rajudisain.eu\/?s={search_term_string}\"},\"query-input\":{\"@type\":\"PropertyValueSpecification\",\"valueRequired\":true,\"valueName\":\"search_term_string\"}}],\"inLanguage\":\"et\"},{\"@type\":\"Organization\",\"@id\":\"https:\/\/www.rajudisain.eu\/#organization\",\"name\":\"Raju Disain\",\"url\":\"https:\/\/www.rajudisain.eu\/\",\"logo\":{\"@type\":\"ImageObject\",\"inLanguage\":\"et\",\"@id\":\"https:\/\/www.rajudisain.eu\/#\/schema\/logo\/image\/\",\"url\":\"https:\/\/www.rajudisain.eu\/wp-content\/uploads\/2022\/07\/RAJU_logo_kirjata.png\",\"contentUrl\":\"https:\/\/www.rajudisain.eu\/wp-content\/uploads\/2022\/07\/RAJU_logo_kirjata.png\",\"width\":1190,\"height\":396,\"caption\":\"Raju Disain\"},\"image\":{\"@id\":\"https:\/\/www.rajudisain.eu\/#\/schema\/logo\/image\/\"}}]}<\/script>\n<!-- \/ Yoast SEO plugin. -->","yoast_head_json":{"title":"Raju Disain - StoneFit Weight Plates","description":"StoneFit Weight Plates combine durable natural stone with a secure MDF grip. Designed for both workouts and interior aesthetics, they offer strength and style.","robots":{"index":"index","follow":"follow","max-snippet":"max-snippet:-1","max-image-preview":"max-image-preview:large","max-video-preview":"max-video-preview:-1"},"canonical":"https:\/\/rajudisain.eu\/et\/weight-plates\/","og_locale":"et_EE","og_type":"article","og_title":"Raju Disain - StoneFit Weight Plates","og_description":"Elevate your home decor with unique and stylish paper wallpaper that is not only beautiful but also eco-friendly. Our paper wallpaper is made from natural fibers and does not emit any toxic chemicals or pollutants, making it suitable for use in the living rooms of small children and allergy sufferers. With breathable material, it regulates the temperature of your room, prevents moisture buildup, and is easy to install and remove. Browse our collection and discover the perfect wallpaper pattern inspired by nature, art, and culture for your home.","og_url":"https:\/\/rajudisain.eu\/et\/weight-plates\/","og_site_name":"Raju Disain","article_modified_time":"2025-03-21T22:05:44+00:00","og_image":[{"url":"http:\/\/rajudisain.eu\/wp-content\/uploads\/2023\/01\/tick-gc53f88864_1280-300x294.png","type":"","width":"","height":""}],"twitter_card":"summary_large_image","twitter_misc":{"Est. reading time":"2 minutit"},"schema":{"@context":"https:\/\/schema.org","@graph":[{"@type":"WebPage","@id":"https:\/\/rajudisain.eu\/et\/weight-plates\/","url":"https:\/\/rajudisain.eu\/et\/weight-plates\/","name":"Raju Disain - StoneFit Weight Plates","isPartOf":{"@id":"https:\/\/www.rajudisain.eu\/#website"},"primaryImageOfPage":{"@id":"https:\/\/rajudisain.eu\/et\/weight-plates\/#primaryimage"},"image":{"@id":"https:\/\/rajudisain.eu\/et\/weight-plates\/#primaryimage"},"thumbnailUrl":"http:\/\/rajudisain.eu\/wp-content\/uploads\/2023\/01\/tick-gc53f88864_1280-300x294.png","datePublished":"2025-03-21T22:05:38+00:00","dateModified":"2025-03-21T22:05:44+00:00","description":"StoneFit Weight Plates combine durable natural stone with a secure MDF grip. Designed for both workouts and interior aesthetics, they offer strength and style.","breadcrumb":{"@id":"https:\/\/rajudisain.eu\/et\/weight-plates\/#breadcrumb"},"inLanguage":"et","potentialAction":[{"@type":"ReadAction","target":["https:\/\/rajudisain.eu\/et\/weight-plates\/"]}]},{"@type":"ImageObject","inLanguage":"et","@id":"https:\/\/rajudisain.eu\/et\/weight-plates\/#primaryimage","url":"http:\/\/rajudisain.eu\/wp-content\/uploads\/2023\/01\/tick-gc53f88864_1280-300x294.png","contentUrl":"http:\/\/rajudisain.eu\/wp-content\/uploads\/2023\/01\/tick-gc53f88864_1280-300x294.png"},{"@type":"BreadcrumbList","@id":"https:\/\/rajudisain.eu\/et\/weight-plates\/#breadcrumb","itemListElement":[{"@type":"ListItem","position":1,"name":"Home","item":"https:\/\/www.rajudisain.eu\/"},{"@type":"ListItem","position":2,"name":"StoneFit Weight Plates"}]},{"@type":"WebSite","@id":"https:\/\/www.rajudisain.eu\/#website","url":"https:\/\/www.rajudisain.eu\/","name":"Raju Disain","description":"Estonian design products  that embrace your senses and support the planet","publisher":{"@id":"https:\/\/www.rajudisain.eu\/#organization"},"potentialAction":[{"@type":"SearchAction","target":{"@type":"EntryPoint","urlTemplate":"https:\/\/www.rajudisain.eu\/?s={search_term_string}"},"query-input":{"@type":"PropertyValueSpecification","valueRequired":true,"valueName":"search_term_string"}}],"inLanguage":"et"},{"@type":"Organization","@id":"https:\/\/www.rajudisain.eu\/#organization","name":"Raju Disain","url":"https:\/\/www.rajudisain.eu\/","logo":{"@type":"ImageObject","inLanguage":"et","@id":"https:\/\/www.rajudisain.eu\/#\/schema\/logo\/image\/","url":"https:\/\/www.rajudisain.eu\/wp-content\/uploads\/2022\/07\/RAJU_logo_kirjata.png","contentUrl":"https:\/\/www.rajudisain.eu\/wp-content\/uploads\/2022\/07\/RAJU_logo_kirjata.png","width":1190,"height":396,"caption":"Raju Disain"},"image":{"@id":"https:\/\/www.rajudisain.eu\/#\/schema\/logo\/image\/"}}]}},"_links":{"self":[{"href":"https:\/\/rajudisain.eu\/et\/wp-json\/wp\/v2\/pages\/33464","targetHints":{"allow":["GET"]}}],"collection":[{"href":"https:\/\/rajudisain.eu\/et\/wp-json\/wp\/v2\/pages"}],"about":[{"href":"https:\/\/rajudisain.eu\/et\/wp-json\/wp\/v2\/types\/page"}],"author":[{"embeddable":true,"href":"https:\/\/rajudisain.eu\/et\/wp-json\/wp\/v2\/users\/1"}],"replies":[{"embeddable":true,"href":"https:\/\/rajudisain.eu\/et\/wp-json\/wp\/v2\/comments?post=33464"}],"version-history":[{"count":5,"href":"https:\/\/rajudisain.eu\/et\/wp-json\/wp\/v2\/pages\/33464\/revisions"}],"predecessor-version":[{"id":33497,"href":"https:\/\/rajudisain.eu\/et\/wp-json\/wp\/v2\/pages\/33464\/revisions\/33497"}],"wp:attachment":[{"href":"https:\/\/rajudisain.eu\/et\/wp-json\/wp\/v2\/media?parent=33464"}],"curies":[{"name":"wp","href":"https:\/\/api.w.org\/{rel}","templated":true}]}}