{"id":33121,"date":"2024-08-22T13:25:16","date_gmt":"2024-08-22T10:25:16","guid":{"rendered":"https:\/\/rajudisain.eu\/?page_id=33121"},"modified":"2025-02-17T15:05:45","modified_gmt":"2025-02-17T13:05:45","slug":"blogi","status":"publish","type":"page","link":"https:\/\/rajudisain.eu\/et\/blogi\/","title":{"rendered":"BLOGI"},"content":{"rendered":"<p>[et_pb_section fb_built=&#8221;1&#8243; _builder_version=&#8221;4.21.0&#8243; _module_preset=&#8221;default&#8221; background_color=&#8221;#AEBBB2&#8243; global_colors_info=&#8221;{}&#8221;][et_pb_row use_custom_gutter=&#8221;on&#8221; make_equal=&#8221;on&#8221; _builder_version=&#8221;4.19.4&#8243; min_height=&#8221;211.2px&#8221; custom_margin=&#8221;40px||&#8221; locked=&#8221;off&#8221; global_colors_info=&#8221;{}&#8221;][et_pb_column type=&#8221;4_4&#8243; admin_label=&#8221;Column&#8221; _builder_version=&#8221;4.19.4&#8243; custom_padding=&#8221;|||&#8221; global_colors_info=&#8221;{}&#8221; custom_padding__hover=&#8221;|||&#8221;][et_pb_text admin_label=&#8221;Categories&#8221; _builder_version=&#8221;4.19.4&#8243; text_font=&#8221;||||||||&#8221; header_font=&#8221;Roboto|700||on|||||&#8221; header_text_align=&#8221;center&#8221; header_font_size=&#8221;52px&#8221; header_letter_spacing=&#8221;4px&#8221; header_line_height=&#8221;1.2em&#8221; header_2_font=&#8221;||||||||&#8221; module_alignment=&#8221;center&#8221; custom_margin=&#8221;|||&#8221; custom_padding=&#8221;|||&#8221; animation_style=&#8221;fade&#8221; header_font_size_tablet=&#8221;40px&#8221; header_font_size_phone=&#8221;&#8221; header_font_size_last_edited=&#8221;on|tablet&#8221; locked=&#8221;off&#8221; global_colors_info=&#8221;{}&#8221;]<\/p>\n<blockquote><\/blockquote>\n<h1>BLOGI<\/h1>\n<blockquote><\/blockquote>\n<p>[\/et_pb_text][et_pb_divider color=&#8221;#FFFFFF&#8221; divider_weight=&#8221;2px&#8221; disabled_on=&#8221;off|off|off&#8221; admin_label=&#8221;Divider&#8221; _builder_version=&#8221;4.21.0&#8243; max_width=&#8221;100px&#8221; module_alignment=&#8221;center&#8221; animation_style=&#8221;fade&#8221; locked=&#8221;off&#8221; global_colors_info=&#8221;{}&#8221;][\/et_pb_divider][\/et_pb_column][\/et_pb_row][\/et_pb_section][et_pb_section fb_built=&#8221;1&#8243; admin_label=&#8221;Blog&#8221; _builder_version=&#8221;4.21.0&#8243; _module_preset=&#8221;e1c6a0d4-af58-4bff-8e8f-fba655f0ec8f&#8221; background_color=&#8221;#C8CBC4&#8243; custom_padding=&#8221;100px||200px||false|false&#8221; locked=&#8221;off&#8221; global_colors_info=&#8221;{}&#8221;][et_pb_row _builder_version=&#8221;4.21.0&#8243; _module_preset=&#8221;e29d0915-928e-4984-bbbd-1f579109dc85&#8243; max_width=&#8221;1320px&#8221; global_colors_info=&#8221;{}&#8221;][et_pb_column type=&#8221;4_4&#8243; _builder_version=&#8221;4.25.2&#8243; _module_preset=&#8221;c24a7508-ce38-4220-a19f-f5a7c0ce1c50&#8243; global_colors_info=&#8221;{}&#8221;][et_pb_blog posts_number=&#8221;999&#8243; include_categories=&#8221;all&#8221; meta_date=&#8221;j M, Y&#8221; show_categories=&#8221;off&#8221; show_pagination=&#8221;off&#8221; _builder_version=&#8221;4.21.0&#8243; _module_preset=&#8221;33f85cde-388e-40f1-9590-7757e5edb998&#8243; header_level=&#8221;h2&#8243; header_font=&#8221;Montserrat|700|||||||&#8221; body_font=&#8221;Montserrat||||||||&#8221; body_text_color=&#8221;#000000&#8243; meta_text_color=&#8221;#AEBBB2&#8243; read_more_font=&#8221;Montserrat|700||on|on||||&#8221; read_more_text_color=&#8221;#000000&#8243; pagination_text_color=&#8221;gcid-2ebbc52c-9ee6-4712-a077-fcaec9b98540&#8243; global_colors_info=&#8221;{%22gcid-2ebbc52c-9ee6-4712-a077-fcaec9b98540%22:%91%22pagination_text_color%22%93}&#8221;][\/et_pb_blog][\/et_pb_column][\/et_pb_row][\/et_pb_section]<\/p>","protected":false},"excerpt":{"rendered":"<p>BLOGI<\/p>","protected":false},"author":74,"featured_media":0,"parent":0,"menu_order":0,"comment_status":"closed","ping_status":"closed","template":"","meta":{"_et_pb_use_builder":"on","_et_pb_old_content":"","_et_gb_content_width":"","footnotes":""},"class_list":["post-33121","page","type-page","status-publish","hentry"],"yoast_head":"<!-- This site is optimized with the Yoast SEO plugin v25.0 - https:\/\/yoast.com\/wordpress\/plugins\/seo\/ -->\n<title>Raju Disain<\/title>\n<meta name=\"description\" content=\"Loe inspiratsiooni ja n\u00f5uandeid tootedisaini, interj\u00f6\u00f6ri ja sisearhitektuuri teemadel. Uued artiklid ja praktilised juhendid!\" \/>\n<meta name=\"robots\" content=\"index, follow, max-snippet:-1, max-image-preview:large, max-video-preview:-1\" \/>\n<link rel=\"canonical\" href=\"https:\/\/www.rajudisain.eu\/blogi\/\" \/>\n<meta property=\"og:locale\" content=\"et_EE\" \/>\n<meta property=\"og:type\" content=\"article\" \/>\n<meta property=\"og:description\" content=\"Loe inspiratsiooni ja n\u00f5uandeid tootedisaini, interj\u00f6\u00f6ri ja sisearhitektuuri teemadel. Uued artiklid ja praktilised juhendid!\" \/>\n<meta property=\"og:url\" content=\"https:\/\/www.rajudisain.eu\/blogi\/\" \/>\n<meta property=\"og:site_name\" content=\"Raju Disain\" \/>\n<meta property=\"article:modified_time\" content=\"2025-02-17T13:05:45+00:00\" \/>\n<meta property=\"og:image\" content=\"https:\/\/rajudisain.eu\/wp-content\/uploads\/2022\/07\/cropped-RAJU_logo_kirjata.png\" \/>\n\t<meta property=\"og:image:width\" content=\"1188\" \/>\n\t<meta property=\"og:image:height\" content=\"396\" \/>\n\t<meta property=\"og:image:type\" content=\"image\/png\" \/>\n<meta name=\"twitter:card\" content=\"summary_large_image\" \/>\n<meta name=\"twitter:label1\" content=\"Est. reading time\" \/>\n\t<meta name=\"twitter:data1\" content=\"1 minut\" \/>\n<script type=\"application\/ld+json\" class=\"yoast-schema-graph\">{\"@context\":\"https:\/\/schema.org\",\"@graph\":[{\"@type\":\"WebPage\",\"@id\":\"https:\/\/www.rajudisain.eu\/blogi\/\",\"url\":\"https:\/\/www.rajudisain.eu\/blogi\/\",\"name\":\"\",\"isPartOf\":{\"@id\":\"https:\/\/www.rajudisain.eu\/#website\"},\"datePublished\":\"2024-08-22T10:25:16+00:00\",\"dateModified\":\"2025-02-17T13:05:45+00:00\",\"description\":\"Loe inspiratsiooni ja n\u00f5uandeid tootedisaini, interj\u00f6\u00f6ri ja sisearhitektuuri teemadel. Uued artiklid ja praktilised juhendid!\",\"breadcrumb\":{\"@id\":\"https:\/\/www.rajudisain.eu\/blogi\/#breadcrumb\"},\"inLanguage\":\"et\",\"potentialAction\":[{\"@type\":\"ReadAction\",\"target\":[\"https:\/\/www.rajudisain.eu\/blogi\/\"]}]},{\"@type\":\"BreadcrumbList\",\"@id\":\"https:\/\/www.rajudisain.eu\/blogi\/#breadcrumb\",\"itemListElement\":[{\"@type\":\"ListItem\",\"position\":1,\"name\":\"Home\",\"item\":\"https:\/\/www.rajudisain.eu\/\"},{\"@type\":\"ListItem\",\"position\":2,\"name\":\"Blog\"}]},{\"@type\":\"WebSite\",\"@id\":\"https:\/\/www.rajudisain.eu\/#website\",\"url\":\"https:\/\/www.rajudisain.eu\/\",\"name\":\"Raju Disain\",\"description\":\"Estonian design products  that embrace your senses and support the planet\",\"publisher\":{\"@id\":\"https:\/\/www.rajudisain.eu\/#organization\"},\"potentialAction\":[{\"@type\":\"SearchAction\",\"target\":{\"@type\":\"EntryPoint\",\"urlTemplate\":\"https:\/\/www.rajudisain.eu\/?s={search_term_string}\"},\"query-input\":{\"@type\":\"PropertyValueSpecification\",\"valueRequired\":true,\"valueName\":\"search_term_string\"}}],\"inLanguage\":\"et\"},{\"@type\":\"Organization\",\"@id\":\"https:\/\/www.rajudisain.eu\/#organization\",\"name\":\"Raju Disain\",\"url\":\"https:\/\/www.rajudisain.eu\/\",\"logo\":{\"@type\":\"ImageObject\",\"inLanguage\":\"et\",\"@id\":\"https:\/\/www.rajudisain.eu\/#\/schema\/logo\/image\/\",\"url\":\"https:\/\/rajudisain.eu\/wp-content\/uploads\/2022\/07\/RAJU_logo_kirjata.png\",\"contentUrl\":\"https:\/\/rajudisain.eu\/wp-content\/uploads\/2022\/07\/RAJU_logo_kirjata.png\",\"width\":1190,\"height\":396,\"caption\":\"Raju Disain\"},\"image\":{\"@id\":\"https:\/\/www.rajudisain.eu\/#\/schema\/logo\/image\/\"}}]}<\/script>\n<!-- \/ Yoast SEO plugin. -->","yoast_head_json":{"title":"Raju Disain","description":"Loe inspiratsiooni ja n\u00f5uandeid tootedisaini, interj\u00f6\u00f6ri ja sisearhitektuuri teemadel. Uued artiklid ja praktilised juhendid!","robots":{"index":"index","follow":"follow","max-snippet":"max-snippet:-1","max-image-preview":"max-image-preview:large","max-video-preview":"max-video-preview:-1"},"canonical":"https:\/\/www.rajudisain.eu\/blogi\/","og_locale":"et_EE","og_type":"article","og_description":"Loe inspiratsiooni ja n\u00f5uandeid tootedisaini, interj\u00f6\u00f6ri ja sisearhitektuuri teemadel. Uued artiklid ja praktilised juhendid!","og_url":"https:\/\/www.rajudisain.eu\/blogi\/","og_site_name":"Raju Disain","article_modified_time":"2025-02-17T13:05:45+00:00","og_image":[{"width":1188,"height":396,"url":"https:\/\/rajudisain.eu\/wp-content\/uploads\/2022\/07\/cropped-RAJU_logo_kirjata.png","type":"image\/png"}],"twitter_card":"summary_large_image","twitter_misc":{"Est. reading time":"1 minut"},"schema":{"@context":"https:\/\/schema.org","@graph":[{"@type":"WebPage","@id":"https:\/\/www.rajudisain.eu\/blogi\/","url":"https:\/\/www.rajudisain.eu\/blogi\/","name":"","isPartOf":{"@id":"https:\/\/www.rajudisain.eu\/#website"},"datePublished":"2024-08-22T10:25:16+00:00","dateModified":"2025-02-17T13:05:45+00:00","description":"Loe inspiratsiooni ja n\u00f5uandeid tootedisaini, interj\u00f6\u00f6ri ja sisearhitektuuri teemadel. Uued artiklid ja praktilised juhendid!","breadcrumb":{"@id":"https:\/\/www.rajudisain.eu\/blogi\/#breadcrumb"},"inLanguage":"et","potentialAction":[{"@type":"ReadAction","target":["https:\/\/www.rajudisain.eu\/blogi\/"]}]},{"@type":"BreadcrumbList","@id":"https:\/\/www.rajudisain.eu\/blogi\/#breadcrumb","itemListElement":[{"@type":"ListItem","position":1,"name":"Home","item":"https:\/\/www.rajudisain.eu\/"},{"@type":"ListItem","position":2,"name":"Blog"}]},{"@type":"WebSite","@id":"https:\/\/www.rajudisain.eu\/#website","url":"https:\/\/www.rajudisain.eu\/","name":"Raju Disain","description":"Estonian design products  that embrace your senses and support the planet","publisher":{"@id":"https:\/\/www.rajudisain.eu\/#organization"},"potentialAction":[{"@type":"SearchAction","target":{"@type":"EntryPoint","urlTemplate":"https:\/\/www.rajudisain.eu\/?s={search_term_string}"},"query-input":{"@type":"PropertyValueSpecification","valueRequired":true,"valueName":"search_term_string"}}],"inLanguage":"et"},{"@type":"Organization","@id":"https:\/\/www.rajudisain.eu\/#organization","name":"Raju Disain","url":"https:\/\/www.rajudisain.eu\/","logo":{"@type":"ImageObject","inLanguage":"et","@id":"https:\/\/www.rajudisain.eu\/#\/schema\/logo\/image\/","url":"https:\/\/rajudisain.eu\/wp-content\/uploads\/2022\/07\/RAJU_logo_kirjata.png","contentUrl":"https:\/\/rajudisain.eu\/wp-content\/uploads\/2022\/07\/RAJU_logo_kirjata.png","width":1190,"height":396,"caption":"Raju Disain"},"image":{"@id":"https:\/\/www.rajudisain.eu\/#\/schema\/logo\/image\/"}}]}},"_links":{"self":[{"href":"https:\/\/rajudisain.eu\/et\/wp-json\/wp\/v2\/pages\/33121","targetHints":{"allow":["GET"]}}],"collection":[{"href":"https:\/\/rajudisain.eu\/et\/wp-json\/wp\/v2\/pages"}],"about":[{"href":"https:\/\/rajudisain.eu\/et\/wp-json\/wp\/v2\/types\/page"}],"author":[{"embeddable":true,"href":"https:\/\/rajudisain.eu\/et\/wp-json\/wp\/v2\/users\/74"}],"replies":[{"embeddable":true,"href":"https:\/\/rajudisain.eu\/et\/wp-json\/wp\/v2\/comments?post=33121"}],"version-history":[{"count":5,"href":"https:\/\/rajudisain.eu\/et\/wp-json\/wp\/v2\/pages\/33121\/revisions"}],"predecessor-version":[{"id":33410,"href":"https:\/\/rajudisain.eu\/et\/wp-json\/wp\/v2\/pages\/33121\/revisions\/33410"}],"wp:attachment":[{"href":"https:\/\/rajudisain.eu\/et\/wp-json\/wp\/v2\/media?parent=33121"}],"curies":[{"name":"wp","href":"https:\/\/api.w.org\/{rel}","templated":true}]}}