{"id":33118,"date":"2024-08-22T12:55:29","date_gmt":"2024-08-22T09:55:29","guid":{"rendered":"https:\/\/rajudisain.eu\/?page_id=33118"},"modified":"2025-04-29T13:17:48","modified_gmt":"2025-04-29T10:17:48","slug":"eritellimusel-disainiteenused","status":"publish","type":"page","link":"https:\/\/rajudisain.eu\/et\/eritellimusel-disainiteenused\/","title":{"rendered":"TEENUSED"},"content":{"rendered":"<p>[et_pb_section fb_built=&#8221;1&#8243; custom_padding_last_edited=&#8221;on|tablet&#8221; admin_label=&#8221;Categories&#8221; _builder_version=&#8221;4.21.0&#8243; background_color=&#8221;#AEBBB2&#8243; custom_margin=&#8221;0px||||false|false&#8221; custom_margin_tablet=&#8221;-75px||||false|false&#8221; custom_margin_phone=&#8221;-75px||||false|false&#8221; custom_margin_last_edited=&#8221;on|tablet&#8221; custom_padding=&#8221;1px|0px|30px||false|false&#8221; custom_padding_tablet=&#8221;0px||||false|false&#8221; custom_padding_phone=&#8221;0px||||false|false&#8221; locked=&#8221;off&#8221; collapsed=&#8221;off&#8221; global_colors_info=&#8221;{}&#8221;][et_pb_row use_custom_gutter=&#8221;on&#8221; make_equal=&#8221;on&#8221; _builder_version=&#8221;4.19.4&#8243; min_height=&#8221;211.2px&#8221; custom_margin=&#8221;40px||&#8221; locked=&#8221;off&#8221; global_colors_info=&#8221;{}&#8221;][et_pb_column type=&#8221;4_4&#8243; admin_label=&#8221;Column&#8221; _builder_version=&#8221;4.19.4&#8243; custom_padding=&#8221;|||&#8221; global_colors_info=&#8221;{}&#8221; custom_padding__hover=&#8221;|||&#8221;][et_pb_text admin_label=&#8221;Categories&#8221; _builder_version=&#8221;4.19.4&#8243; text_font=&#8221;||||||||&#8221; header_font=&#8221;Roboto|700||on|||||&#8221; header_text_align=&#8221;center&#8221; header_font_size=&#8221;52px&#8221; header_letter_spacing=&#8221;4px&#8221; header_line_height=&#8221;1.2em&#8221; header_2_font=&#8221;||||||||&#8221; module_alignment=&#8221;center&#8221; custom_margin=&#8221;|||&#8221; custom_padding=&#8221;|||&#8221; animation_style=&#8221;fade&#8221; header_font_size_tablet=&#8221;40px&#8221; header_font_size_phone=&#8221;&#8221; header_font_size_last_edited=&#8221;on|tablet&#8221; locked=&#8221;off&#8221; global_colors_info=&#8221;{}&#8221;]<\/p>\n<blockquote><\/blockquote>\n<h1>TEENUSED<\/h1>\n<blockquote><\/blockquote>\n<p>[\/et_pb_text][et_pb_divider color=&#8221;#FFFFFF&#8221; divider_weight=&#8221;2px&#8221; disabled_on=&#8221;off|off|off&#8221; admin_label=&#8221;Divider&#8221; _builder_version=&#8221;4.21.0&#8243; max_width=&#8221;100px&#8221; module_alignment=&#8221;center&#8221; animation_style=&#8221;fade&#8221; locked=&#8221;off&#8221; global_colors_info=&#8221;{}&#8221;][\/et_pb_divider][\/et_pb_column][\/et_pb_row][\/et_pb_section][et_pb_section fb_built=&#8221;1&#8243; _builder_version=&#8221;4.21.0&#8243; _module_preset=&#8221;default&#8221; background_color=&#8221;#AEBBB2&#8243; custom_padding=&#8221;20px||20px||false|false&#8221; global_colors_info=&#8221;{}&#8221;][et_pb_row column_structure=&#8221;3_5,2_5&#8243; _builder_version=&#8221;4.21.0&#8243; _module_preset=&#8221;default&#8221; global_colors_info=&#8221;{}&#8221;][et_pb_column type=&#8221;3_5&#8243; _builder_version=&#8221;4.21.0&#8243; _module_preset=&#8221;default&#8221; global_colors_info=&#8221;{}&#8221;][et_pb_text module_id=&#8221;product-furniture-design&#8221; _builder_version=&#8221;4.21.0&#8243; _module_preset=&#8221;default&#8221; custom_margin=&#8221;||||false|false&#8221; custom_padding=&#8221;20px||||false|false&#8221; animation_style=&#8221;fade&#8221; global_colors_info=&#8221;{}&#8221;]<\/p>\n<blockquote>\n<h2 style=\"text-align: left;\"><strong>Toote- ja m\u00f6\u00f6blidisain<\/strong><\/h2>\n<\/blockquote>\n<h3 style=\"text-align: left;\">Pakun eritellimusm\u00f6\u00f6bli projekteerimise ja sisekujunduse teenuseid,<br \/>l\u00e4htudes iga kliendi isiklikest soovidest ja vajadustest.<\/h3>\n<p>[\/et_pb_text][et_pb_image src=&#8221;http:\/\/rajudisain.eu\/wp-content\/uploads\/2023\/02\/matt-Arid-scaled.jpg&#8221; title_text=&#8221;matt Arid&#8221; _builder_version=&#8221;4.21.0&#8243; _module_preset=&#8221;default&#8221; width=&#8221;100%&#8221; height_tablet=&#8221;&#8221; height_phone=&#8221;&#8221; height_last_edited=&#8221;on|desktop&#8221; animation_style=&#8221;slide&#8221; animation_direction=&#8221;left&#8221; global_colors_info=&#8221;{}&#8221;][\/et_pb_image][\/et_pb_column][et_pb_column type=&#8221;2_5&#8243; _builder_version=&#8221;4.21.0&#8243; _module_preset=&#8221;default&#8221; global_colors_info=&#8221;{}&#8221;][et_pb_text _builder_version=&#8221;4.21.0&#8243; _module_preset=&#8221;default&#8221; text_font_size=&#8221;16px&#8221; text_line_height=&#8221;1.8em&#8221; custom_margin=&#8221;-21px|||||&#8221; custom_padding=&#8221;40px||||false|false&#8221; animation_style=&#8221;fade&#8221; global_colors_info=&#8221;{}&#8221;]<\/p>\n<blockquote>\n<h3 style=\"text-align: left;\"><strong>Teenused h\u00f5lmavad:<\/strong><\/h3>\n<\/blockquote>\n<p style=\"text-align: justify;\"><img loading=\"lazy\" decoding=\"async\" class=\"wp-image-25343 alignnone size-medium\" src=\"http:\/\/rajudisain.eu\/wp-content\/uploads\/2023\/01\/tick-gc53f88864_1280-300x294.png\" alt=\"\" width=\"23\" height=\"22\" \/> <strong>Disainm\u00f6\u00f6bli projekteerimine:<\/strong> Koostan teie soovide ja ruumide vajaduste j\u00e4rgi eritellimusm\u00f6\u00f6bli projekte,<br \/>kasutades erinevaid materjale ja stiile.<br \/>Keskendun ainulaadsetele ja keerukamatele lahendustele,<br \/>mis annavad teie interj\u00f6\u00f6rile isikup\u00e4rase ja elegantse v\u00e4ljan\u00e4gemise.<\/p>\n<p style=\"text-align: justify;\"><img loading=\"lazy\" decoding=\"async\" class=\"wp-image-25343 alignnone size-medium\" src=\"http:\/\/rajudisain.eu\/wp-content\/uploads\/2023\/01\/tick-gc53f88864_1280-300x294.png\" alt=\"\" width=\"23\" height=\"22\" \/> <strong>Personaalsed disainiprojektid:<\/strong> T\u00f6\u00f6tan v\u00e4lja unikaalsed ja eksklusiivsed disainlahendused,<br \/>mis ei ole lihtsalt eritellimusm\u00f6\u00f6bel, vaid disaineri loodud kunstiline lahendus,<br \/>mis erineb standardsetest v\u00f5i universaalsetest kujundustest.<\/p>\n<p style=\"text-align: justify;\"><img loading=\"lazy\" decoding=\"async\" class=\"wp-image-25343 alignnone size-medium\" src=\"http:\/\/rajudisain.eu\/wp-content\/uploads\/2023\/01\/tick-gc53f88864_1280-300x294.png\" alt=\"\" width=\"23\" height=\"22\" \/> <strong>Eridisainiga sisustusaksessuaarid:<\/strong> Kui te ei leia poest sobivaid sisustusaksessuaare,<br \/>pakun v\u00f5imalust tellida eritellimusel disainitud tooteid, sealhulgas: vaibad, tapeedid, kardinad, valgustid,<br \/>diivanid, peeglid jne.<\/p>\n<p style=\"text-align: justify;\"><img loading=\"lazy\" decoding=\"async\" class=\"wp-image-25343 alignnone size-medium\" src=\"http:\/\/rajudisain.eu\/wp-content\/uploads\/2023\/01\/tick-gc53f88864_1280-300x294.png\" alt=\"\" width=\"23\" height=\"22\" \/> <strong>T\u00e4psus ja kvaliteet:<\/strong> : Panustan iga detaili t\u00e4psusesse ja k\u00f5rgesse kvaliteeti, et saavutada parim tulemus.<br \/>Kvaliteetne tootedisain on minu prioriteet.<\/p>\n<p>[\/et_pb_text][\/et_pb_column][\/et_pb_row][\/et_pb_section][et_pb_section fb_built=&#8221;1&#8243; _builder_version=&#8221;4.21.0&#8243; _module_preset=&#8221;default&#8221; background_color=&#8221;#AEBBB2&#8243; custom_padding=&#8221;100px||60px||false|false&#8221; global_colors_info=&#8221;{}&#8221;][et_pb_row column_structure=&#8221;2_5,3_5&#8243; disabled_on=&#8221;off|off|off&#8221; module_class=&#8221;reverse&#8221; _builder_version=&#8221;4.21.0&#8243; _module_preset=&#8221;default&#8221; custom_padding=&#8221;20px||||false|false&#8221; hover_enabled=&#8221;0&#8243; overflow-y_tablet=&#8221;&#8221; overflow-y_phone=&#8221;&#8221; overflow-y_last_edited=&#8221;on|phone&#8221; global_colors_info=&#8221;{}&#8221; sticky_enabled=&#8221;0&#8243;][et_pb_column type=&#8221;2_5&#8243; _builder_version=&#8221;4.21.0&#8243; _module_preset=&#8221;default&#8221; global_colors_info=&#8221;{}&#8221;][et_pb_text _builder_version=&#8221;4.21.0&#8243; _module_preset=&#8221;default&#8221; text_font_size=&#8221;16px&#8221; text_line_height=&#8221;1.8em&#8221; custom_margin=&#8221;||||false|false&#8221; custom_padding=&#8221;30px||||false|false&#8221; animation_style=&#8221;fade&#8221; global_colors_info=&#8221;{}&#8221;]<\/p>\n<blockquote>\n<h3 style=\"text-align: left;\"><strong>Teenused h\u00f5lmavad:<\/strong><\/h3>\n<\/blockquote>\n<p style=\"text-align: justify;\"><img loading=\"lazy\" decoding=\"async\" class=\"wp-image-25343 alignnone size-medium\" src=\"http:\/\/rajudisain.eu\/wp-content\/uploads\/2023\/01\/tick-gc53f88864_1280-300x294.png\" alt=\"\" width=\"23\" height=\"22\" \/> <strong>Interj\u00f6\u00f6ri kontseptsioonid:<\/strong> T\u00f6\u00f6tan v\u00e4lja kontseptsioonid,<br \/>mis h\u00f5lmavad v\u00e4rvitoone, materjale ja sisustuselemente, et luua \u00fchtne ja meeldiv atmosf\u00e4\u00e4r.<\/p>\n<p style=\"text-align: justify;\"><img loading=\"lazy\" decoding=\"async\" class=\"wp-image-25343 alignnone size-medium\" src=\"http:\/\/rajudisain.eu\/wp-content\/uploads\/2023\/01\/tick-gc53f88864_1280-300x294.png\" alt=\"\" width=\"23\" height=\"22\" \/> <strong>Ruumide planeerimine:<\/strong> Optimeerin ruumi kasutust,<br \/>et saavutada parim ruumiline lahendus ja esteetika.<\/p>\n<p style=\"text-align: justify;\"><img loading=\"lazy\" decoding=\"async\" class=\"wp-image-25343 alignnone size-medium\" src=\"http:\/\/rajudisain.eu\/wp-content\/uploads\/2023\/01\/tick-gc53f88864_1280-300x294.png\" alt=\"\" width=\"23\" height=\"22\" \/> <strong>Ruumikujundus:<\/strong> Aitan luua kodu- v\u00f5i \u00e4riruume,<br \/>mis on mitte ainult funktsionaalsed ja ajatud, vaid arvestavad ka ergonoomikat ja vajadusel akustilisi probleeme.<\/p>\n<p style=\"text-align: justify;\"><img loading=\"lazy\" decoding=\"async\" class=\"wp-image-25343 alignnone size-medium\" src=\"http:\/\/rajudisain.eu\/wp-content\/uploads\/2023\/01\/tick-gc53f88864_1280-300x294.png\" alt=\"\" width=\"23\" height=\"22\" \/> <strong>Unikaalsed sisustuse lahendused:<\/strong> N\u00f5ustan m\u00f6\u00f6bli, valgustite ja sisustuselementide valikul,<br \/>et saavutada harmooniline ja ainulaadne stiil.<\/p>\n<p style=\"text-align: justify;\"><img loading=\"lazy\" decoding=\"async\" class=\"wp-image-25343 alignnone size-medium\" src=\"http:\/\/rajudisain.eu\/wp-content\/uploads\/2023\/01\/tick-gc53f88864_1280-300x294.png\" alt=\"\" width=\"23\" height=\"22\" \/> <strong>Valgustusprojektid:<\/strong> Pakun eritellimusel valgustuse<br \/>lahendusi, mis loovad teie ruumis soovitud atmosf\u00e4\u00e4ri ja stiili ning on kasutajas\u00f5bralik.<\/p>\n<p>[\/et_pb_text][\/et_pb_column][et_pb_column type=&#8221;3_5&#8243; _builder_version=&#8221;4.21.0&#8243; _module_preset=&#8221;default&#8221; global_colors_info=&#8221;{}&#8221;][et_pb_text module_id=&#8221;interior-design&#8221; _builder_version=&#8221;4.21.0&#8243; _module_preset=&#8221;default&#8221; width=&#8221;80%&#8221; custom_margin=&#8221;||||false|false&#8221; custom_padding=&#8221;20px||20px||false|false&#8221; animation_style=&#8221;fade&#8221; global_colors_info=&#8221;{}&#8221;]<\/p>\n<blockquote>\n<h2 style=\"text-align: left;\"><strong>Sisearhitektuur<\/strong><\/h2>\n<\/blockquote>\n<h3 style=\"text-align: left;\">Aitan luua terviklikke sisustuslahendusi, mis muudavad teie ruumi funktsionaalseks ja stiilseks.<\/h3>\n<p>[\/et_pb_text][et_pb_image src=&#8221;http:\/\/rajudisain.eu\/wp-content\/uploads\/2025\/04\/eritellimusel-kook-scaled.jpg&#8221; alt=&#8221;eritellimusel k\u00f6\u00f6gi disain, terrazzo t\u00f6\u00f6pind ja sinise spooniga kapid, moooi valgusti ja pukid, betoonist k\u00f6\u00f6gisaar&#8221; title_text=&#8221;eritellimusel-sinise-k\u00f6\u00f6gi-projekt&#8221; _builder_version=&#8221;4.21.0&#8243; _module_preset=&#8221;default&#8221; width=&#8221;80%&#8221; height_tablet=&#8221;&#8221; height_phone=&#8221;&#8221; height_last_edited=&#8221;on|desktop&#8221; custom_padding=&#8221;||40px||false|false&#8221; custom_padding_tablet=&#8221;||40px||false|false&#8221; custom_padding_phone=&#8221;||20px||false|false&#8221; custom_padding_last_edited=&#8221;on|phone&#8221; animation_style=&#8221;slide&#8221; animation_direction=&#8221;right&#8221; global_colors_info=&#8221;{}&#8221;][\/et_pb_image][\/et_pb_column][\/et_pb_row][\/et_pb_section][et_pb_section fb_built=&#8221;1&#8243; _builder_version=&#8221;4.21.0&#8243; _module_preset=&#8221;default&#8221; background_color=&#8221;#C8CBC4&#8243; custom_padding=&#8221;100px||100px||false|false&#8221; global_colors_info=&#8221;{}&#8221;][et_pb_row _builder_version=&#8221;4.21.0&#8243; _module_preset=&#8221;default&#8221; animation_style=&#8221;fade&#8221; global_colors_info=&#8221;{}&#8221;][et_pb_column type=&#8221;4_4&#8243; _builder_version=&#8221;4.21.0&#8243; _module_preset=&#8221;default&#8221; global_colors_info=&#8221;{}&#8221;][et_pb_text module_id=&#8221;consultations&#8221; _builder_version=&#8221;4.21.0&#8243; _module_preset=&#8221;default&#8221; text_font_size=&#8221;16px&#8221; text_line_height=&#8221;1.8em&#8221; custom_padding=&#8221;20px||||false|false&#8221; animation_style=&#8221;fade&#8221; global_colors_info=&#8221;{}&#8221;]<\/p>\n<blockquote>\n<h2><strong>Konsultatsioonid<\/strong><\/h2>\n<\/blockquote>\n<h3 style=\"text-align: left;\">Pakun ka individuaalseid konsultatsioone, et aidata teil oma projekte planeerida ja teostada.<\/h3>\n<p>&nbsp;<\/p>\n<blockquote>\n<h3><strong>Konsultatsioonid h\u00f5lmavad:<\/strong><strong><\/strong><\/h3>\n<\/blockquote>\n<p><img loading=\"lazy\" decoding=\"async\" class=\"wp-image-25343 alignnone size-medium\" src=\"http:\/\/rajudisain.eu\/wp-content\/uploads\/2023\/01\/tick-gc53f88864_1280-300x294.png\" alt=\"\" width=\"23\" height=\"22\" \/> <strong>Stiili ja trendide n\u00f5ustamine:<\/strong> Annan n\u00f5u kaasaegsete stiilide ja trendide kohta,<br \/>et teie projektid oleksid ajakohased ja innovaatilised.<\/p>\n<p><img loading=\"lazy\" decoding=\"async\" class=\"wp-image-25343 alignnone size-medium\" src=\"http:\/\/rajudisain.eu\/wp-content\/uploads\/2023\/01\/tick-gc53f88864_1280-300x294.png\" alt=\"\" width=\"23\" height=\"22\" \/> <strong>Erilahendused:<\/strong> Pakun lahendusi eritellimustele ja keerukatele projektidele,<br \/>mis n\u00f5uavad erilist l\u00e4henemist.<br \/>Kui teil on konkreetseid soove v\u00f5i vajate spetsiaalset lahendust,<br \/>v\u00f5tke minuga \u00fchendust, et arutada teie idee elluviimist.<\/p>\n<p>[\/et_pb_text][\/et_pb_column][\/et_pb_row][\/et_pb_section]<\/p>","protected":false},"excerpt":{"rendered":"<p>Services Product and furniture design I offer custom design furniture and interior design services that meet your needsto individual wishes and demands. My services include: Designing designer furniture: I create according to your wishes and the needs of the premisescustom furniture designs using different materials and styles. I&#8217;m concentratingto unique and more complex solutions that [&hellip;]<\/p>","protected":false},"author":74,"featured_media":0,"parent":0,"menu_order":0,"comment_status":"closed","ping_status":"closed","template":"","meta":{"_et_pb_use_builder":"on","_et_pb_old_content":"","_et_gb_content_width":"","footnotes":""},"class_list":["post-33118","page","type-page","status-publish","hentry"],"yoast_head":"<!-- This site is optimized with the Yoast SEO plugin v25.0 - https:\/\/yoast.com\/wordpress\/plugins\/seo\/ -->\n<title>Raju Disain<\/title>\n<meta name=\"description\" content=\"Pakun eritellimusel disainiteenuseid \u2013 tootedisain, sisearhitektuur ja unikaalsed graafilised lahendused. Kestlik ja keskkonnas\u00f5bralik l\u00e4henemine loob ajatu stiili.\" \/>\n<meta name=\"robots\" content=\"index, follow, max-snippet:-1, max-image-preview:large, max-video-preview:-1\" \/>\n<link rel=\"canonical\" href=\"https:\/\/www.rajudisain.eu\/eritellimusel-disainiteenused\/\" \/>\n<meta property=\"og:locale\" content=\"et_EE\" \/>\n<meta property=\"og:type\" content=\"article\" \/>\n<meta property=\"og:description\" content=\"Pakun eritellimusel disainiteenuseid \u2013 tootedisain, sisearhitektuur ja unikaalsed graafilised lahendused. Kestlik ja keskkonnas\u00f5bralik l\u00e4henemine loob ajatu stiili.\" \/>\n<meta property=\"og:url\" content=\"https:\/\/www.rajudisain.eu\/eritellimusel-disainiteenused\/\" \/>\n<meta property=\"og:site_name\" content=\"Raju Disain\" \/>\n<meta property=\"article:modified_time\" content=\"2025-04-29T10:17:48+00:00\" \/>\n<meta property=\"og:image\" content=\"http:\/\/rajudisain.eu\/wp-content\/uploads\/2023\/01\/tick-gc53f88864_1280-300x294.png\" \/>\n<meta name=\"twitter:card\" content=\"summary_large_image\" \/>\n<meta name=\"twitter:label1\" content=\"Est. reading time\" \/>\n\t<meta name=\"twitter:data1\" content=\"5 minutit\" \/>\n<script type=\"application\/ld+json\" class=\"yoast-schema-graph\">{\"@context\":\"https:\/\/schema.org\",\"@graph\":[{\"@type\":\"WebPage\",\"@id\":\"https:\/\/www.rajudisain.eu\/eritellimusel-disainiteenused\/\",\"url\":\"https:\/\/www.rajudisain.eu\/eritellimusel-disainiteenused\/\",\"name\":\"\",\"isPartOf\":{\"@id\":\"https:\/\/www.rajudisain.eu\/#website\"},\"primaryImageOfPage\":{\"@id\":\"https:\/\/www.rajudisain.eu\/eritellimusel-disainiteenused\/#primaryimage\"},\"image\":{\"@id\":\"https:\/\/www.rajudisain.eu\/eritellimusel-disainiteenused\/#primaryimage\"},\"thumbnailUrl\":\"http:\/\/rajudisain.eu\/wp-content\/uploads\/2023\/01\/tick-gc53f88864_1280-300x294.png\",\"datePublished\":\"2024-08-22T09:55:29+00:00\",\"dateModified\":\"2025-04-29T10:17:48+00:00\",\"description\":\"Pakun eritellimusel disainiteenuseid \u2013 tootedisain, sisearhitektuur ja unikaalsed graafilised lahendused. Kestlik ja keskkonnas\u00f5bralik l\u00e4henemine loob ajatu stiili.\",\"breadcrumb\":{\"@id\":\"https:\/\/www.rajudisain.eu\/eritellimusel-disainiteenused\/#breadcrumb\"},\"inLanguage\":\"et\",\"potentialAction\":[{\"@type\":\"ReadAction\",\"target\":[\"https:\/\/www.rajudisain.eu\/eritellimusel-disainiteenused\/\"]}]},{\"@type\":\"ImageObject\",\"inLanguage\":\"et\",\"@id\":\"https:\/\/www.rajudisain.eu\/eritellimusel-disainiteenused\/#primaryimage\",\"url\":\"http:\/\/rajudisain.eu\/wp-content\/uploads\/2023\/01\/tick-gc53f88864_1280-300x294.png\",\"contentUrl\":\"http:\/\/rajudisain.eu\/wp-content\/uploads\/2023\/01\/tick-gc53f88864_1280-300x294.png\"},{\"@type\":\"BreadcrumbList\",\"@id\":\"https:\/\/www.rajudisain.eu\/eritellimusel-disainiteenused\/#breadcrumb\",\"itemListElement\":[{\"@type\":\"ListItem\",\"position\":1,\"name\":\"Home\",\"item\":\"https:\/\/www.rajudisain.eu\/\"},{\"@type\":\"ListItem\",\"position\":2,\"name\":\"Services\"}]},{\"@type\":\"WebSite\",\"@id\":\"https:\/\/www.rajudisain.eu\/#website\",\"url\":\"https:\/\/www.rajudisain.eu\/\",\"name\":\"Raju Disain\",\"description\":\"Estonian design products  that embrace your senses and support the planet\",\"publisher\":{\"@id\":\"https:\/\/www.rajudisain.eu\/#organization\"},\"potentialAction\":[{\"@type\":\"SearchAction\",\"target\":{\"@type\":\"EntryPoint\",\"urlTemplate\":\"https:\/\/www.rajudisain.eu\/?s={search_term_string}\"},\"query-input\":{\"@type\":\"PropertyValueSpecification\",\"valueRequired\":true,\"valueName\":\"search_term_string\"}}],\"inLanguage\":\"et\"},{\"@type\":\"Organization\",\"@id\":\"https:\/\/www.rajudisain.eu\/#organization\",\"name\":\"Raju Disain\",\"url\":\"https:\/\/www.rajudisain.eu\/\",\"logo\":{\"@type\":\"ImageObject\",\"inLanguage\":\"et\",\"@id\":\"https:\/\/www.rajudisain.eu\/#\/schema\/logo\/image\/\",\"url\":\"https:\/\/rajudisain.eu\/wp-content\/uploads\/2022\/07\/RAJU_logo_kirjata.png\",\"contentUrl\":\"https:\/\/rajudisain.eu\/wp-content\/uploads\/2022\/07\/RAJU_logo_kirjata.png\",\"width\":1190,\"height\":396,\"caption\":\"Raju Disain\"},\"image\":{\"@id\":\"https:\/\/www.rajudisain.eu\/#\/schema\/logo\/image\/\"}}]}<\/script>\n<!-- \/ Yoast SEO plugin. -->","yoast_head_json":{"title":"Raju Disain","description":"Pakun eritellimusel disainiteenuseid \u2013 tootedisain, sisearhitektuur ja unikaalsed graafilised lahendused. Kestlik ja keskkonnas\u00f5bralik l\u00e4henemine loob ajatu stiili.","robots":{"index":"index","follow":"follow","max-snippet":"max-snippet:-1","max-image-preview":"max-image-preview:large","max-video-preview":"max-video-preview:-1"},"canonical":"https:\/\/www.rajudisain.eu\/eritellimusel-disainiteenused\/","og_locale":"et_EE","og_type":"article","og_description":"Pakun eritellimusel disainiteenuseid \u2013 tootedisain, sisearhitektuur ja unikaalsed graafilised lahendused. Kestlik ja keskkonnas\u00f5bralik l\u00e4henemine loob ajatu stiili.","og_url":"https:\/\/www.rajudisain.eu\/eritellimusel-disainiteenused\/","og_site_name":"Raju Disain","article_modified_time":"2025-04-29T10:17:48+00:00","og_image":[{"url":"http:\/\/rajudisain.eu\/wp-content\/uploads\/2023\/01\/tick-gc53f88864_1280-300x294.png","type":"","width":"","height":""}],"twitter_card":"summary_large_image","twitter_misc":{"Est. reading time":"5 minutit"},"schema":{"@context":"https:\/\/schema.org","@graph":[{"@type":"WebPage","@id":"https:\/\/www.rajudisain.eu\/eritellimusel-disainiteenused\/","url":"https:\/\/www.rajudisain.eu\/eritellimusel-disainiteenused\/","name":"","isPartOf":{"@id":"https:\/\/www.rajudisain.eu\/#website"},"primaryImageOfPage":{"@id":"https:\/\/www.rajudisain.eu\/eritellimusel-disainiteenused\/#primaryimage"},"image":{"@id":"https:\/\/www.rajudisain.eu\/eritellimusel-disainiteenused\/#primaryimage"},"thumbnailUrl":"http:\/\/rajudisain.eu\/wp-content\/uploads\/2023\/01\/tick-gc53f88864_1280-300x294.png","datePublished":"2024-08-22T09:55:29+00:00","dateModified":"2025-04-29T10:17:48+00:00","description":"Pakun eritellimusel disainiteenuseid \u2013 tootedisain, sisearhitektuur ja unikaalsed graafilised lahendused. Kestlik ja keskkonnas\u00f5bralik l\u00e4henemine loob ajatu stiili.","breadcrumb":{"@id":"https:\/\/www.rajudisain.eu\/eritellimusel-disainiteenused\/#breadcrumb"},"inLanguage":"et","potentialAction":[{"@type":"ReadAction","target":["https:\/\/www.rajudisain.eu\/eritellimusel-disainiteenused\/"]}]},{"@type":"ImageObject","inLanguage":"et","@id":"https:\/\/www.rajudisain.eu\/eritellimusel-disainiteenused\/#primaryimage","url":"http:\/\/rajudisain.eu\/wp-content\/uploads\/2023\/01\/tick-gc53f88864_1280-300x294.png","contentUrl":"http:\/\/rajudisain.eu\/wp-content\/uploads\/2023\/01\/tick-gc53f88864_1280-300x294.png"},{"@type":"BreadcrumbList","@id":"https:\/\/www.rajudisain.eu\/eritellimusel-disainiteenused\/#breadcrumb","itemListElement":[{"@type":"ListItem","position":1,"name":"Home","item":"https:\/\/www.rajudisain.eu\/"},{"@type":"ListItem","position":2,"name":"Services"}]},{"@type":"WebSite","@id":"https:\/\/www.rajudisain.eu\/#website","url":"https:\/\/www.rajudisain.eu\/","name":"Raju Disain","description":"Estonian design products  that embrace your senses and support the planet","publisher":{"@id":"https:\/\/www.rajudisain.eu\/#organization"},"potentialAction":[{"@type":"SearchAction","target":{"@type":"EntryPoint","urlTemplate":"https:\/\/www.rajudisain.eu\/?s={search_term_string}"},"query-input":{"@type":"PropertyValueSpecification","valueRequired":true,"valueName":"search_term_string"}}],"inLanguage":"et"},{"@type":"Organization","@id":"https:\/\/www.rajudisain.eu\/#organization","name":"Raju Disain","url":"https:\/\/www.rajudisain.eu\/","logo":{"@type":"ImageObject","inLanguage":"et","@id":"https:\/\/www.rajudisain.eu\/#\/schema\/logo\/image\/","url":"https:\/\/rajudisain.eu\/wp-content\/uploads\/2022\/07\/RAJU_logo_kirjata.png","contentUrl":"https:\/\/rajudisain.eu\/wp-content\/uploads\/2022\/07\/RAJU_logo_kirjata.png","width":1190,"height":396,"caption":"Raju Disain"},"image":{"@id":"https:\/\/www.rajudisain.eu\/#\/schema\/logo\/image\/"}}]}},"_links":{"self":[{"href":"https:\/\/rajudisain.eu\/et\/wp-json\/wp\/v2\/pages\/33118","targetHints":{"allow":["GET"]}}],"collection":[{"href":"https:\/\/rajudisain.eu\/et\/wp-json\/wp\/v2\/pages"}],"about":[{"href":"https:\/\/rajudisain.eu\/et\/wp-json\/wp\/v2\/types\/page"}],"author":[{"embeddable":true,"href":"https:\/\/rajudisain.eu\/et\/wp-json\/wp\/v2\/users\/74"}],"replies":[{"embeddable":true,"href":"https:\/\/rajudisain.eu\/et\/wp-json\/wp\/v2\/comments?post=33118"}],"version-history":[{"count":5,"href":"https:\/\/rajudisain.eu\/et\/wp-json\/wp\/v2\/pages\/33118\/revisions"}],"predecessor-version":[{"id":33560,"href":"https:\/\/rajudisain.eu\/et\/wp-json\/wp\/v2\/pages\/33118\/revisions\/33560"}],"wp:attachment":[{"href":"https:\/\/rajudisain.eu\/et\/wp-json\/wp\/v2\/media?parent=33118"}],"curies":[{"name":"wp","href":"https:\/\/api.w.org\/{rel}","templated":true}]}}