{"id":26140,"date":"2023-02-27T09:19:42","date_gmt":"2023-02-27T07:19:42","guid":{"rendered":"https:\/\/rajudisain.eu\/?page_id=26140"},"modified":"2025-04-29T11:55:30","modified_gmt":"2025-04-29T08:55:30","slug":"wallpapers","status":"publish","type":"page","link":"https:\/\/rajudisain.eu\/et\/wallpapers\/","title":{"rendered":"Wallpapers"},"content":{"rendered":"<p>[et_pb_section fb_built=&#8221;1&#8243; admin_label=&#8221;Features Section&#8221; _builder_version=&#8221;4.19.4&#8243; background_color=&#8221;#CDD2CB&#8221; custom_margin_tablet=&#8221;-35px||||false|false&#8221; custom_margin_phone=&#8221;-35px||||false|false&#8221; custom_margin_last_edited=&#8221;on|tablet&#8221; custom_padding=&#8221;20px||0px||false|false&#8221; collapsed=&#8221;off&#8221; global_colors_info=&#8221;{}&#8221;][et_pb_row _builder_version=&#8221;4.19.4&#8243; _module_preset=&#8221;default&#8221; custom_margin=&#8221;0px||0px||false|false&#8221; custom_padding=&#8221;0px||0px||false|false&#8221; global_colors_info=&#8221;{}&#8221;][et_pb_column type=&#8221;4_4&#8243; _builder_version=&#8221;4.19.4&#8243; _module_preset=&#8221;default&#8221; global_colors_info=&#8221;{}&#8221;][et_pb_button button_url=&#8221;@ET-DC@eyJkeW5hbWljIjp0cnVlLCJjb250ZW50IjoicG9zdF9saW5rX3VybF9wYWdlIiwic2V0dGluZ3MiOnsicG9zdF9pZCI6IjI1MjI4In19@&#8221; button_text=&#8221;All products&#8221; _builder_version=&#8221;4.19.4&#8243; _dynamic_attributes=&#8221;button_url&#8221; _module_preset=&#8221;default&#8221; custom_button=&#8221;on&#8221; button_text_size=&#8221;16px&#8221; button_text_color=&#8221;#000000&#8243; button_bg_color=&#8221;#CDD2CB&#8221; button_border_width=&#8221;0px&#8221; button_border_radius=&#8221;0px&#8221; button_font=&#8221;Roboto|500|||on|||#000000|&#8221; button_icon=&#8221;&#x4a;||divi||400&#8243; button_icon_color=&#8221;#000000&#8243; button_icon_placement=&#8221;left&#8221; button_on_hover=&#8221;off&#8221; global_colors_info=&#8221;{}&#8221;][\/et_pb_button][\/et_pb_column][\/et_pb_row][et_pb_row _builder_version=&#8221;4.16&#8243; custom_padding=&#8221;20px|||&#8221; locked=&#8221;off&#8221; global_colors_info=&#8221;{}&#8221;][et_pb_column type=&#8221;4_4&#8243; _builder_version=&#8221;4.16&#8243; custom_padding=&#8221;|||&#8221; global_colors_info=&#8221;{}&#8221; custom_padding__hover=&#8221;|||&#8221;][et_pb_text admin_label=&#8221;title_All products&#8221; _builder_version=&#8221;4.19.4&#8243; text_font=&#8221;||||||||&#8221; header_font=&#8221;Roboto|700||on|||||&#8221; header_text_align=&#8221;center&#8221; header_font_size=&#8221;52px&#8221; header_letter_spacing=&#8221;4px&#8221; header_line_height=&#8221;1.2em&#8221; header_2_font=&#8221;||||||||&#8221; module_alignment=&#8221;center&#8221; custom_margin=&#8221;|||&#8221; custom_padding=&#8221;|||&#8221; animation_style=&#8221;fade&#8221; header_font_size_tablet=&#8221;40px&#8221; header_font_size_phone=&#8221;&#8221; header_font_size_last_edited=&#8221;on|tablet&#8221; locked=&#8221;off&#8221; global_colors_info=&#8221;{}&#8221;]<\/p>\n<h1>wallpapers<\/h1>\n<p>[\/et_pb_text][et_pb_divider color=&#8221;#FFFFFF&#8221; divider_weight=&#8221;2px&#8221; disabled_on=&#8221;off|off|off&#8221; admin_label=&#8221;Divider&#8221; _builder_version=&#8221;4.19.4&#8243; max_width=&#8221;100px&#8221; module_alignment=&#8221;center&#8221; animation_style=&#8221;fade&#8221; custom_css_main_element=&#8221;||&#8221; locked=&#8221;off&#8221; global_colors_info=&#8221;{}&#8221;][\/et_pb_divider][\/et_pb_column][\/et_pb_row][et_pb_row _builder_version=&#8221;4.20.2&#8243; _module_preset=&#8221;default&#8221; global_colors_info=&#8221;{}&#8221;][et_pb_column type=&#8221;4_4&#8243; _builder_version=&#8221;4.20.2&#8243; _module_preset=&#8221;default&#8221; global_colors_info=&#8221;{}&#8221;][et_pb_text _builder_version=&#8221;4.21.0&#8243; _module_preset=&#8221;default&#8221; text_font_size=&#8221;16px&#8221; global_colors_info=&#8221;{}&#8221;]<\/p>\n<p>Carefully crafted designs for a distinctive home. My wallpaper combines aesthetics with eco-friendliness and supports a healthy living environment.<\/p>\n<p style=\"padding-left: 40px;\"><img loading=\"lazy\" decoding=\"async\" class=\"wp-image-25343 alignnone size-medium\" src=\"http:\/\/rajudisain.eu\/wp-content\/uploads\/2023\/01\/tick-gc53f88864_1280-300x294.png\" alt=\"\" width=\"23\" height=\"22\" \/>I prioritize using the finest materials in creating my wallpapers. That&#8217;s why I choose natural paper for my wallpapers, which has several advantages over vinyl and other synthetic materials. Unlike vinyl, paper wallpaper is made from natural fibers, making it biodegradable and environmentally friendly.<br \/>These wallpapers do not emit any toxic chemicals and the print is odorless and environmentally friendly, improving the indoor air quality of your home. If you prefer, I also offer an easy-to-apply PVC-free version with adhesive backing for easier application.\u00a0<br \/>See on hea valik nii v\u00e4ikeste laste tubadesse kui ka allergikutele.<\/p>\n<p style=\"padding-left: 40px;\"><img loading=\"lazy\" decoding=\"async\" class=\"wp-image-25343 alignnone size-medium\" src=\"http:\/\/rajudisain.eu\/wp-content\/uploads\/2023\/01\/tick-gc53f88864_1280-300x294.png\" alt=\"\" width=\"23\" height=\"22\" \/>Paberist tapeet on hingav v\u00f5imaldades \u00f5hul vabalt ringelda, mis aitab v\u00e4ltida niiskuse kogunemist seinale. See omadus aitab ennetada hallituse ja seenhaiguste teket, hoides seinad puhtad ja terved. Lisaks on paberist tapeeti lihtne paigaldada ja eemaldada, mis teeb sellest praktilise valiku neile, kes soovivad sisekujundust tihti uuendada.<\/p>\n<p style=\"padding-left: 40px;\"><img loading=\"lazy\" decoding=\"async\" class=\"wp-image-25343 alignnone size-medium\" src=\"http:\/\/rajudisain.eu\/wp-content\/uploads\/2023\/01\/tick-gc53f88864_1280-300x294.png\" alt=\"\" width=\"23\" height=\"22\" \/>Loon kunstilisi mustreid, mis on inspireeritud loodusest, kunstist ja kultuurist. Minu tapeedid lisavad igasse ruumi iseloomu ja oman\u00e4olisust \u2013 olgu eelistuseks julged ja v\u00e4rvikad kujundused v\u00f5i hoopis peened ja elegantsed mustrid.<\/p>\n<p style=\"padding-left: 40px;\"><img loading=\"lazy\" decoding=\"async\" class=\"wp-image-25343 alignnone size-medium\" src=\"http:\/\/rajudisain.eu\/wp-content\/uploads\/2023\/01\/tick-gc53f88864_1280-300x294.png\" alt=\"\" width=\"23\" height=\"22\" \/>Usun, et kaunis disain ja j\u00e4tkusuutlikkus saavad k\u00e4ia k\u00e4sik\u00e4es. Paberist tapeeti kasutades saame v\u00e4hendada keskkonnam\u00f5ju ja luua tervislikuma sisekeskkonna. Kutsun sind tutvuma minu kollektsiooniga ja leidma oma koju sobivaima tapeedi.<\/p>\n<p>[\/et_pb_text][\/et_pb_column][\/et_pb_row][\/et_pb_section][et_pb_section fb_built=&#8221;1&#8243; _builder_version=&#8221;4.19.4&#8243; background_color=&#8221;#CDD2CB&#8221; custom_padding=&#8221;|||&#8221; collapsed=&#8221;off&#8221; global_colors_info=&#8221;{}&#8221;][et_pb_row _builder_version=&#8221;4.19.4&#8243; custom_margin=&#8221;|||&#8221; custom_padding=&#8221;|||&#8221; animation_style=&#8221;fade&#8221; collapsed=&#8221;off&#8221; global_colors_info=&#8221;{}&#8221;][et_pb_column type=&#8221;4_4&#8243; _builder_version=&#8221;4.16&#8243; custom_padding=&#8221;|||&#8221; global_colors_info=&#8221;{}&#8221; custom_padding__hover=&#8221;|||&#8221;][et_pb_shop type=&#8221;product_category&#8221; posts_number=&#8221;66&#8243; include_categories=&#8221;42&#8243; columns_number=&#8221;4&#8243; orderby=&#8221;menu_order&#8221; icon_hover_color=&#8221;#ffffff&#8221; hover_overlay_color=&#8221;rgba(0,0,0,0.65)&#8221; hover_icon=&#8221;&#x24;||divi||400&#8243; show_price=&#8221;off&#8221; show_rating=&#8221;off&#8221; show_sale_badge=&#8221;off&#8221; _builder_version=&#8221;4.19.4&#8243; title_font=&#8221;Roboto||||&#8221; title_text_color=&#8221;#000000&#8243; price_font=&#8221;|600|||||||&#8221; price_text_color=&#8221;#ffb500&#8243; global_colors_info=&#8221;{}&#8221;][\/et_pb_shop][\/et_pb_column][\/et_pb_row][\/et_pb_section]<\/p>","protected":false},"excerpt":{"rendered":"<p>wallpapersCarefully crafted designs for a distinctive home. My wallpaper combines aesthetics with eco-friendliness and supports a healthy living environment. I prioritize using the finest materials in creating my wallpapers. That&#8217;s why I choose natural paper for my wallpapers, which has several advantages over vinyl and other synthetic materials. Unlike vinyl, paper wallpaper is made from [&hellip;]<\/p>","protected":false},"author":1,"featured_media":0,"parent":0,"menu_order":0,"comment_status":"closed","ping_status":"closed","template":"","meta":{"_et_pb_use_builder":"on","_et_pb_old_content":"","_et_gb_content_width":"","footnotes":""},"class_list":["post-26140","page","type-page","status-publish","hentry"],"yoast_head":"<!-- This site is optimized with the Yoast SEO plugin v25.0 - https:\/\/yoast.com\/wordpress\/plugins\/seo\/ -->\n<title>Raju Disain - Wallpapers<\/title>\n<meta name=\"description\" content=\"Elevate your home decor with unique and stylish paper wallpaper that is not only beautiful but also eco-friendly. Our paper wallpaper is made from natural fibers and does not emit any toxic chemicals or pollutants, making it suitable for use in the living rooms of small children and allergy sufferers. With breathable material, it regulates the temperature of your room, prevents moisture buildup, and is easy to install and remove. Browse our collection and discover the perfect wallpaper pattern inspired by nature, art, and culture for your home.\" \/>\n<meta name=\"robots\" content=\"index, follow, max-snippet:-1, max-image-preview:large, max-video-preview:-1\" \/>\n<link rel=\"canonical\" href=\"https:\/\/rajudisain.eu\/et\/wallpapers\/\" \/>\n<meta property=\"og:locale\" content=\"et_EE\" \/>\n<meta property=\"og:type\" content=\"article\" \/>\n<meta property=\"og:title\" content=\"Raju Disain - Wallpapers\" \/>\n<meta property=\"og:description\" content=\"Elevate your home decor with unique and stylish paper wallpaper that is not only beautiful but also eco-friendly. Our paper wallpaper is made from natural fibers and does not emit any toxic chemicals or pollutants, making it suitable for use in the living rooms of small children and allergy sufferers. With breathable material, it regulates the temperature of your room, prevents moisture buildup, and is easy to install and remove. Browse our collection and discover the perfect wallpaper pattern inspired by nature, art, and culture for your home.\" \/>\n<meta property=\"og:url\" content=\"https:\/\/rajudisain.eu\/et\/wallpapers\/\" \/>\n<meta property=\"og:site_name\" content=\"Raju Disain\" \/>\n<meta property=\"article:modified_time\" content=\"2025-04-29T08:55:30+00:00\" \/>\n<meta property=\"og:image\" content=\"http:\/\/rajudisain.eu\/wp-content\/uploads\/2023\/01\/tick-gc53f88864_1280-300x294.png\" \/>\n<meta name=\"twitter:card\" content=\"summary_large_image\" \/>\n<meta name=\"twitter:label1\" content=\"Est. reading time\" \/>\n\t<meta name=\"twitter:data1\" content=\"3 minutit\" \/>\n<script type=\"application\/ld+json\" class=\"yoast-schema-graph\">{\"@context\":\"https:\/\/schema.org\",\"@graph\":[{\"@type\":\"WebPage\",\"@id\":\"https:\/\/rajudisain.eu\/wallpapers\/\",\"url\":\"https:\/\/rajudisain.eu\/wallpapers\/\",\"name\":\"Raju Disain - Wallpapers\",\"isPartOf\":{\"@id\":\"https:\/\/www.rajudisain.eu\/et\/#website\"},\"primaryImageOfPage\":{\"@id\":\"https:\/\/rajudisain.eu\/wallpapers\/#primaryimage\"},\"image\":{\"@id\":\"https:\/\/rajudisain.eu\/wallpapers\/#primaryimage\"},\"thumbnailUrl\":\"http:\/\/rajudisain.eu\/wp-content\/uploads\/2023\/01\/tick-gc53f88864_1280-300x294.png\",\"datePublished\":\"2023-02-27T07:19:42+00:00\",\"dateModified\":\"2025-04-29T08:55:30+00:00\",\"description\":\"Elevate your home decor with unique and stylish paper wallpaper that is not only beautiful but also eco-friendly. Our paper wallpaper is made from natural fibers and does not emit any toxic chemicals or pollutants, making it suitable for use in the living rooms of small children and allergy sufferers. With breathable material, it regulates the temperature of your room, prevents moisture buildup, and is easy to install and remove. Browse our collection and discover the perfect wallpaper pattern inspired by nature, art, and culture for your home.\",\"breadcrumb\":{\"@id\":\"https:\/\/rajudisain.eu\/wallpapers\/#breadcrumb\"},\"inLanguage\":\"et\",\"potentialAction\":[{\"@type\":\"ReadAction\",\"target\":[\"https:\/\/rajudisain.eu\/wallpapers\/\"]}]},{\"@type\":\"ImageObject\",\"inLanguage\":\"et\",\"@id\":\"https:\/\/rajudisain.eu\/wallpapers\/#primaryimage\",\"url\":\"http:\/\/rajudisain.eu\/wp-content\/uploads\/2023\/01\/tick-gc53f88864_1280-300x294.png\",\"contentUrl\":\"http:\/\/rajudisain.eu\/wp-content\/uploads\/2023\/01\/tick-gc53f88864_1280-300x294.png\"},{\"@type\":\"BreadcrumbList\",\"@id\":\"https:\/\/rajudisain.eu\/wallpapers\/#breadcrumb\",\"itemListElement\":[{\"@type\":\"ListItem\",\"position\":1,\"name\":\"Home\",\"item\":\"https:\/\/www.rajudisain.eu\/et\/\"},{\"@type\":\"ListItem\",\"position\":2,\"name\":\"Wallpapers\"}]},{\"@type\":\"WebSite\",\"@id\":\"https:\/\/www.rajudisain.eu\/et\/#website\",\"url\":\"https:\/\/www.rajudisain.eu\/et\/\",\"name\":\"Raju Disain\",\"description\":\"Estonian design products  that embrace your senses and support the planet\",\"publisher\":{\"@id\":\"https:\/\/www.rajudisain.eu\/et\/#organization\"},\"potentialAction\":[{\"@type\":\"SearchAction\",\"target\":{\"@type\":\"EntryPoint\",\"urlTemplate\":\"https:\/\/www.rajudisain.eu\/et\/?s={search_term_string}\"},\"query-input\":{\"@type\":\"PropertyValueSpecification\",\"valueRequired\":true,\"valueName\":\"search_term_string\"}}],\"inLanguage\":\"et\"},{\"@type\":\"Organization\",\"@id\":\"https:\/\/www.rajudisain.eu\/et\/#organization\",\"name\":\"Raju Disain\",\"url\":\"https:\/\/www.rajudisain.eu\/et\/\",\"logo\":{\"@type\":\"ImageObject\",\"inLanguage\":\"et\",\"@id\":\"https:\/\/www.rajudisain.eu\/et\/#\/schema\/logo\/image\/\",\"url\":\"https:\/\/rajudisain.eu\/wp-content\/uploads\/2022\/07\/RAJU_logo_kirjata.png\",\"contentUrl\":\"https:\/\/rajudisain.eu\/wp-content\/uploads\/2022\/07\/RAJU_logo_kirjata.png\",\"width\":1190,\"height\":396,\"caption\":\"Raju Disain\"},\"image\":{\"@id\":\"https:\/\/www.rajudisain.eu\/et\/#\/schema\/logo\/image\/\"}}]}<\/script>\n<!-- \/ Yoast SEO plugin. -->","yoast_head_json":{"title":"Raju Disain - Wallpapers","description":"Elevate your home decor with unique and stylish paper wallpaper that is not only beautiful but also eco-friendly. Our paper wallpaper is made from natural fibers and does not emit any toxic chemicals or pollutants, making it suitable for use in the living rooms of small children and allergy sufferers. With breathable material, it regulates the temperature of your room, prevents moisture buildup, and is easy to install and remove. Browse our collection and discover the perfect wallpaper pattern inspired by nature, art, and culture for your home.","robots":{"index":"index","follow":"follow","max-snippet":"max-snippet:-1","max-image-preview":"max-image-preview:large","max-video-preview":"max-video-preview:-1"},"canonical":"https:\/\/rajudisain.eu\/et\/wallpapers\/","og_locale":"et_EE","og_type":"article","og_title":"Raju Disain - Wallpapers","og_description":"Elevate your home decor with unique and stylish paper wallpaper that is not only beautiful but also eco-friendly. Our paper wallpaper is made from natural fibers and does not emit any toxic chemicals or pollutants, making it suitable for use in the living rooms of small children and allergy sufferers. With breathable material, it regulates the temperature of your room, prevents moisture buildup, and is easy to install and remove. Browse our collection and discover the perfect wallpaper pattern inspired by nature, art, and culture for your home.","og_url":"https:\/\/rajudisain.eu\/et\/wallpapers\/","og_site_name":"Raju Disain","article_modified_time":"2025-04-29T08:55:30+00:00","og_image":[{"url":"http:\/\/rajudisain.eu\/wp-content\/uploads\/2023\/01\/tick-gc53f88864_1280-300x294.png","type":"","width":"","height":""}],"twitter_card":"summary_large_image","twitter_misc":{"Est. reading time":"3 minutit"},"schema":{"@context":"https:\/\/schema.org","@graph":[{"@type":"WebPage","@id":"https:\/\/rajudisain.eu\/wallpapers\/","url":"https:\/\/rajudisain.eu\/wallpapers\/","name":"Raju Disain - Wallpapers","isPartOf":{"@id":"https:\/\/www.rajudisain.eu\/et\/#website"},"primaryImageOfPage":{"@id":"https:\/\/rajudisain.eu\/wallpapers\/#primaryimage"},"image":{"@id":"https:\/\/rajudisain.eu\/wallpapers\/#primaryimage"},"thumbnailUrl":"http:\/\/rajudisain.eu\/wp-content\/uploads\/2023\/01\/tick-gc53f88864_1280-300x294.png","datePublished":"2023-02-27T07:19:42+00:00","dateModified":"2025-04-29T08:55:30+00:00","description":"Elevate your home decor with unique and stylish paper wallpaper that is not only beautiful but also eco-friendly. Our paper wallpaper is made from natural fibers and does not emit any toxic chemicals or pollutants, making it suitable for use in the living rooms of small children and allergy sufferers. With breathable material, it regulates the temperature of your room, prevents moisture buildup, and is easy to install and remove. Browse our collection and discover the perfect wallpaper pattern inspired by nature, art, and culture for your home.","breadcrumb":{"@id":"https:\/\/rajudisain.eu\/wallpapers\/#breadcrumb"},"inLanguage":"et","potentialAction":[{"@type":"ReadAction","target":["https:\/\/rajudisain.eu\/wallpapers\/"]}]},{"@type":"ImageObject","inLanguage":"et","@id":"https:\/\/rajudisain.eu\/wallpapers\/#primaryimage","url":"http:\/\/rajudisain.eu\/wp-content\/uploads\/2023\/01\/tick-gc53f88864_1280-300x294.png","contentUrl":"http:\/\/rajudisain.eu\/wp-content\/uploads\/2023\/01\/tick-gc53f88864_1280-300x294.png"},{"@type":"BreadcrumbList","@id":"https:\/\/rajudisain.eu\/wallpapers\/#breadcrumb","itemListElement":[{"@type":"ListItem","position":1,"name":"Home","item":"https:\/\/www.rajudisain.eu\/et\/"},{"@type":"ListItem","position":2,"name":"Wallpapers"}]},{"@type":"WebSite","@id":"https:\/\/www.rajudisain.eu\/et\/#website","url":"https:\/\/www.rajudisain.eu\/et\/","name":"Raju Disain","description":"Estonian design products  that embrace your senses and support the planet","publisher":{"@id":"https:\/\/www.rajudisain.eu\/et\/#organization"},"potentialAction":[{"@type":"SearchAction","target":{"@type":"EntryPoint","urlTemplate":"https:\/\/www.rajudisain.eu\/et\/?s={search_term_string}"},"query-input":{"@type":"PropertyValueSpecification","valueRequired":true,"valueName":"search_term_string"}}],"inLanguage":"et"},{"@type":"Organization","@id":"https:\/\/www.rajudisain.eu\/et\/#organization","name":"Raju Disain","url":"https:\/\/www.rajudisain.eu\/et\/","logo":{"@type":"ImageObject","inLanguage":"et","@id":"https:\/\/www.rajudisain.eu\/et\/#\/schema\/logo\/image\/","url":"https:\/\/rajudisain.eu\/wp-content\/uploads\/2022\/07\/RAJU_logo_kirjata.png","contentUrl":"https:\/\/rajudisain.eu\/wp-content\/uploads\/2022\/07\/RAJU_logo_kirjata.png","width":1190,"height":396,"caption":"Raju Disain"},"image":{"@id":"https:\/\/www.rajudisain.eu\/et\/#\/schema\/logo\/image\/"}}]}},"_links":{"self":[{"href":"https:\/\/rajudisain.eu\/et\/wp-json\/wp\/v2\/pages\/26140","targetHints":{"allow":["GET"]}}],"collection":[{"href":"https:\/\/rajudisain.eu\/et\/wp-json\/wp\/v2\/pages"}],"about":[{"href":"https:\/\/rajudisain.eu\/et\/wp-json\/wp\/v2\/types\/page"}],"author":[{"embeddable":true,"href":"https:\/\/rajudisain.eu\/et\/wp-json\/wp\/v2\/users\/1"}],"replies":[{"embeddable":true,"href":"https:\/\/rajudisain.eu\/et\/wp-json\/wp\/v2\/comments?post=26140"}],"version-history":[{"count":2,"href":"https:\/\/rajudisain.eu\/et\/wp-json\/wp\/v2\/pages\/26140\/revisions"}],"predecessor-version":[{"id":33552,"href":"https:\/\/rajudisain.eu\/et\/wp-json\/wp\/v2\/pages\/26140\/revisions\/33552"}],"wp:attachment":[{"href":"https:\/\/rajudisain.eu\/et\/wp-json\/wp\/v2\/media?parent=26140"}],"curies":[{"name":"wp","href":"https:\/\/api.w.org\/{rel}","templated":true}]}}