{"id":25222,"date":"2023-01-18T11:14:49","date_gmt":"2023-01-18T09:14:49","guid":{"rendered":"https:\/\/rajudisain.eu\/?page_id=25222"},"modified":"2025-02-28T22:35:15","modified_gmt":"2025-02-28T20:35:15","slug":"contact","status":"publish","type":"page","link":"https:\/\/rajudisain.eu\/et\/contact\/","title":{"rendered":"Contact"},"content":{"rendered":"<p>[et_pb_section fb_built=&#8221;1&#8243; _builder_version=&#8221;4.19.4&#8243; _module_preset=&#8221;default&#8221; background_color=&#8221;#CDD2CB&#8221; custom_margin_tablet=&#8221;-35px||||false|false&#8221; custom_margin_phone=&#8221;-35px||||false|false&#8221; custom_margin_last_edited=&#8221;on|tablet&#8221; custom_padding=&#8221;50px||0px||false|false&#8221; global_colors_info=&#8221;{}&#8221;][et_pb_row _builder_version=&#8221;4.19.4&#8243; _module_preset=&#8221;default&#8221; global_colors_info=&#8221;{}&#8221;][et_pb_column type=&#8221;4_4&#8243; _builder_version=&#8221;4.19.4&#8243; _module_preset=&#8221;default&#8221; global_colors_info=&#8221;{}&#8221;][et_pb_text _builder_version=&#8221;4.19.4&#8243; _module_preset=&#8221;default&#8221; text_font_size=&#8221;16px&#8221; text_line_height=&#8221;1.8em&#8221; custom_margin=&#8221;||50px||false|false&#8221; global_colors_info=&#8221;{}&#8221;]<\/p>\n<h2>KUIDAS TOODE TEIENI J\u00d5UAB?<\/h2>\n<p>&nbsp;<\/p>\n<h4><strong>Kui m\u00f5ni toode pakub huvi, andke julgelt teada.\u00a0<\/strong><\/h4>\n<h5><strong>Enamik toodetest ei ole laos, need valmivad spetsiaalselt teie tellimuse j\u00e4rgi!<\/strong><\/h5>\n<p>&nbsp;<\/p>\n<p><img loading=\"lazy\" decoding=\"async\" class=\"wp-image-25343 alignnone size-medium\" src=\"http:\/\/rajudisain.eu\/wp-content\/uploads\/2023\/01\/tick-gc53f88864_1280-300x294.png\" alt=\"\" width=\"23\" height=\"22\" \/>Anname teile teada ligikaudse tarneaja vastavalt toote t\u00fc\u00fcbile ja t\u00e4psustame detailid.<\/p>\n<p><img loading=\"lazy\" decoding=\"async\" class=\"wp-image-25343 alignnone size-medium\" src=\"http:\/\/rajudisain.eu\/wp-content\/uploads\/2023\/01\/tick-gc53f88864_1280-300x294.png\" alt=\"\" width=\"23\" height=\"22\" \/>V\u00f5tame teiega \u00fchendust kui toode on valmis ja saadame selle teele.<\/p>\n<p>[\/et_pb_text][\/et_pb_column][\/et_pb_row][et_pb_row column_structure=&#8221;2_3,1_3&#8243; _builder_version=&#8221;4.19.4&#8243; _module_preset=&#8221;default&#8221; animation_style=&#8221;fade&#8221; global_colors_info=&#8221;{}&#8221;][et_pb_column type=&#8221;2_3&#8243; _builder_version=&#8221;4.19.4&#8243; _module_preset=&#8221;default&#8221; global_colors_info=&#8221;{}&#8221;][dvppl_cf7_styler use_form_header=&#8221;on&#8221; form_header_title=&#8221;CONTACT US&#8221; form_header_padding=&#8221;0px|0px|30px|0px|false|false&#8221; form_padding=&#8221;||||false|false&#8221; use_form_button_fullwidth=&#8221;on&#8221; cf7=&#8221;26189&#8243; _builder_version=&#8221;4.19.4&#8243; _module_preset=&#8221;default&#8221; form_field_font_font_size=&#8221;18px&#8221; custom_submit_button=&#8221;on&#8221; submit_button_text_color=&#8221;#000000&#8243; submit_button_bg_color=&#8221;#AEBBB2&#8243; submit_button_border_color=&#8221;#000000&#8243; submit_button_letter_spacing=&#8221;2px&#8221; submit_button_font=&#8221;Roboto||||||||&#8221; submit_button_custom_padding=&#8221;10px||10px||false|false&#8221; global_colors_info=&#8221;{}&#8221;][\/dvppl_cf7_styler][\/et_pb_column][et_pb_column type=&#8221;1_3&#8243; _builder_version=&#8221;4.19.4&#8243; _module_preset=&#8221;default&#8221; global_colors_info=&#8221;{}&#8221;][\/et_pb_column][\/et_pb_row][\/et_pb_section]<\/p>","protected":false},"excerpt":{"rendered":"<p>HOW WILL THE PRODUCT GET TO YOU? &nbsp; If you are interested in any of our products, write to us through the contact form below.\u00a0 We do not produce most of the products to the warehouse, they are prepared according to your order, especially for you! &nbsp; We will let you know the approximate delivery [&hellip;]<\/p>","protected":false},"author":1,"featured_media":0,"parent":0,"menu_order":0,"comment_status":"closed","ping_status":"closed","template":"","meta":{"_et_pb_use_builder":"on","_et_pb_old_content":"","_et_gb_content_width":"","footnotes":""},"class_list":["post-25222","page","type-page","status-publish","hentry"],"yoast_head":"<!-- This site is optimized with the Yoast SEO plugin v25.0 - https:\/\/yoast.com\/wordpress\/plugins\/seo\/ -->\n<title>Raju Disain<\/title>\n<meta name=\"description\" content=\"Siit leiad kontaktandmed, et arutada koost\u00f6\u00f6d, tellimusi v\u00f5i muid k\u00fcsimusi. V\u00f5ta \u00fchendust e-kirja v\u00f5i s\u00f5numi teel!\" \/>\n<meta name=\"robots\" content=\"index, follow, max-snippet:-1, max-image-preview:large, max-video-preview:-1\" \/>\n<link rel=\"canonical\" href=\"https:\/\/www.rajudisain.eu\/contact\/\" \/>\n<meta property=\"og:locale\" content=\"et_EE\" \/>\n<meta property=\"og:type\" content=\"article\" \/>\n<meta property=\"og:description\" content=\"Siit leiad kontaktandmed, et arutada koost\u00f6\u00f6d, tellimusi v\u00f5i muid k\u00fcsimusi. V\u00f5ta \u00fchendust e-kirja v\u00f5i s\u00f5numi teel!\" \/>\n<meta property=\"og:url\" content=\"https:\/\/www.rajudisain.eu\/contact\/\" \/>\n<meta property=\"og:site_name\" content=\"Raju Disain\" \/>\n<meta property=\"article:modified_time\" content=\"2025-02-28T20:35:15+00:00\" \/>\n<meta property=\"og:image\" content=\"http:\/\/rajudisain.eu\/wp-content\/uploads\/2023\/01\/tick-gc53f88864_1280-300x294.png\" \/>\n<meta name=\"twitter:card\" content=\"summary_large_image\" \/>\n<meta name=\"twitter:label1\" content=\"Est. reading time\" \/>\n\t<meta name=\"twitter:data1\" content=\"2 minutit\" \/>\n<script type=\"application\/ld+json\" class=\"yoast-schema-graph\">{\"@context\":\"https:\/\/schema.org\",\"@graph\":[{\"@type\":\"WebPage\",\"@id\":\"https:\/\/www.rajudisain.eu\/contact\/\",\"url\":\"https:\/\/www.rajudisain.eu\/contact\/\",\"name\":\"\",\"isPartOf\":{\"@id\":\"https:\/\/www.rajudisain.eu\/#website\"},\"primaryImageOfPage\":{\"@id\":\"https:\/\/www.rajudisain.eu\/contact\/#primaryimage\"},\"image\":{\"@id\":\"https:\/\/www.rajudisain.eu\/contact\/#primaryimage\"},\"thumbnailUrl\":\"http:\/\/rajudisain.eu\/wp-content\/uploads\/2023\/01\/tick-gc53f88864_1280-300x294.png\",\"datePublished\":\"2023-01-18T09:14:49+00:00\",\"dateModified\":\"2025-02-28T20:35:15+00:00\",\"description\":\"Siit leiad kontaktandmed, et arutada koost\u00f6\u00f6d, tellimusi v\u00f5i muid k\u00fcsimusi. V\u00f5ta \u00fchendust e-kirja v\u00f5i s\u00f5numi teel!\",\"breadcrumb\":{\"@id\":\"https:\/\/www.rajudisain.eu\/contact\/#breadcrumb\"},\"inLanguage\":\"et\",\"potentialAction\":[{\"@type\":\"ReadAction\",\"target\":[\"https:\/\/www.rajudisain.eu\/contact\/\"]}]},{\"@type\":\"ImageObject\",\"inLanguage\":\"et\",\"@id\":\"https:\/\/www.rajudisain.eu\/contact\/#primaryimage\",\"url\":\"http:\/\/rajudisain.eu\/wp-content\/uploads\/2023\/01\/tick-gc53f88864_1280-300x294.png\",\"contentUrl\":\"http:\/\/rajudisain.eu\/wp-content\/uploads\/2023\/01\/tick-gc53f88864_1280-300x294.png\"},{\"@type\":\"BreadcrumbList\",\"@id\":\"https:\/\/www.rajudisain.eu\/contact\/#breadcrumb\",\"itemListElement\":[{\"@type\":\"ListItem\",\"position\":1,\"name\":\"Home\",\"item\":\"https:\/\/www.rajudisain.eu\/\"},{\"@type\":\"ListItem\",\"position\":2,\"name\":\"Contact\"}]},{\"@type\":\"WebSite\",\"@id\":\"https:\/\/www.rajudisain.eu\/#website\",\"url\":\"https:\/\/www.rajudisain.eu\/\",\"name\":\"Raju Disain\",\"description\":\"Estonian design products  that embrace your senses and support the planet\",\"publisher\":{\"@id\":\"https:\/\/www.rajudisain.eu\/#organization\"},\"potentialAction\":[{\"@type\":\"SearchAction\",\"target\":{\"@type\":\"EntryPoint\",\"urlTemplate\":\"https:\/\/www.rajudisain.eu\/?s={search_term_string}\"},\"query-input\":{\"@type\":\"PropertyValueSpecification\",\"valueRequired\":true,\"valueName\":\"search_term_string\"}}],\"inLanguage\":\"et\"},{\"@type\":\"Organization\",\"@id\":\"https:\/\/www.rajudisain.eu\/#organization\",\"name\":\"Raju Disain\",\"url\":\"https:\/\/www.rajudisain.eu\/\",\"logo\":{\"@type\":\"ImageObject\",\"inLanguage\":\"et\",\"@id\":\"https:\/\/www.rajudisain.eu\/#\/schema\/logo\/image\/\",\"url\":\"https:\/\/rajudisain.eu\/wp-content\/uploads\/2022\/07\/RAJU_logo_kirjata.png\",\"contentUrl\":\"https:\/\/rajudisain.eu\/wp-content\/uploads\/2022\/07\/RAJU_logo_kirjata.png\",\"width\":1190,\"height\":396,\"caption\":\"Raju Disain\"},\"image\":{\"@id\":\"https:\/\/www.rajudisain.eu\/#\/schema\/logo\/image\/\"}}]}<\/script>\n<!-- \/ Yoast SEO plugin. -->","yoast_head_json":{"title":"Raju Disain","description":"Siit leiad kontaktandmed, et arutada koost\u00f6\u00f6d, tellimusi v\u00f5i muid k\u00fcsimusi. V\u00f5ta \u00fchendust e-kirja v\u00f5i s\u00f5numi teel!","robots":{"index":"index","follow":"follow","max-snippet":"max-snippet:-1","max-image-preview":"max-image-preview:large","max-video-preview":"max-video-preview:-1"},"canonical":"https:\/\/www.rajudisain.eu\/contact\/","og_locale":"et_EE","og_type":"article","og_description":"Siit leiad kontaktandmed, et arutada koost\u00f6\u00f6d, tellimusi v\u00f5i muid k\u00fcsimusi. V\u00f5ta \u00fchendust e-kirja v\u00f5i s\u00f5numi teel!","og_url":"https:\/\/www.rajudisain.eu\/contact\/","og_site_name":"Raju Disain","article_modified_time":"2025-02-28T20:35:15+00:00","og_image":[{"url":"http:\/\/rajudisain.eu\/wp-content\/uploads\/2023\/01\/tick-gc53f88864_1280-300x294.png","type":"","width":"","height":""}],"twitter_card":"summary_large_image","twitter_misc":{"Est. reading time":"2 minutit"},"schema":{"@context":"https:\/\/schema.org","@graph":[{"@type":"WebPage","@id":"https:\/\/www.rajudisain.eu\/contact\/","url":"https:\/\/www.rajudisain.eu\/contact\/","name":"","isPartOf":{"@id":"https:\/\/www.rajudisain.eu\/#website"},"primaryImageOfPage":{"@id":"https:\/\/www.rajudisain.eu\/contact\/#primaryimage"},"image":{"@id":"https:\/\/www.rajudisain.eu\/contact\/#primaryimage"},"thumbnailUrl":"http:\/\/rajudisain.eu\/wp-content\/uploads\/2023\/01\/tick-gc53f88864_1280-300x294.png","datePublished":"2023-01-18T09:14:49+00:00","dateModified":"2025-02-28T20:35:15+00:00","description":"Siit leiad kontaktandmed, et arutada koost\u00f6\u00f6d, tellimusi v\u00f5i muid k\u00fcsimusi. V\u00f5ta \u00fchendust e-kirja v\u00f5i s\u00f5numi teel!","breadcrumb":{"@id":"https:\/\/www.rajudisain.eu\/contact\/#breadcrumb"},"inLanguage":"et","potentialAction":[{"@type":"ReadAction","target":["https:\/\/www.rajudisain.eu\/contact\/"]}]},{"@type":"ImageObject","inLanguage":"et","@id":"https:\/\/www.rajudisain.eu\/contact\/#primaryimage","url":"http:\/\/rajudisain.eu\/wp-content\/uploads\/2023\/01\/tick-gc53f88864_1280-300x294.png","contentUrl":"http:\/\/rajudisain.eu\/wp-content\/uploads\/2023\/01\/tick-gc53f88864_1280-300x294.png"},{"@type":"BreadcrumbList","@id":"https:\/\/www.rajudisain.eu\/contact\/#breadcrumb","itemListElement":[{"@type":"ListItem","position":1,"name":"Home","item":"https:\/\/www.rajudisain.eu\/"},{"@type":"ListItem","position":2,"name":"Contact"}]},{"@type":"WebSite","@id":"https:\/\/www.rajudisain.eu\/#website","url":"https:\/\/www.rajudisain.eu\/","name":"Raju Disain","description":"Estonian design products  that embrace your senses and support the planet","publisher":{"@id":"https:\/\/www.rajudisain.eu\/#organization"},"potentialAction":[{"@type":"SearchAction","target":{"@type":"EntryPoint","urlTemplate":"https:\/\/www.rajudisain.eu\/?s={search_term_string}"},"query-input":{"@type":"PropertyValueSpecification","valueRequired":true,"valueName":"search_term_string"}}],"inLanguage":"et"},{"@type":"Organization","@id":"https:\/\/www.rajudisain.eu\/#organization","name":"Raju Disain","url":"https:\/\/www.rajudisain.eu\/","logo":{"@type":"ImageObject","inLanguage":"et","@id":"https:\/\/www.rajudisain.eu\/#\/schema\/logo\/image\/","url":"https:\/\/rajudisain.eu\/wp-content\/uploads\/2022\/07\/RAJU_logo_kirjata.png","contentUrl":"https:\/\/rajudisain.eu\/wp-content\/uploads\/2022\/07\/RAJU_logo_kirjata.png","width":1190,"height":396,"caption":"Raju Disain"},"image":{"@id":"https:\/\/www.rajudisain.eu\/#\/schema\/logo\/image\/"}}]}},"_links":{"self":[{"href":"https:\/\/rajudisain.eu\/et\/wp-json\/wp\/v2\/pages\/25222","targetHints":{"allow":["GET"]}}],"collection":[{"href":"https:\/\/rajudisain.eu\/et\/wp-json\/wp\/v2\/pages"}],"about":[{"href":"https:\/\/rajudisain.eu\/et\/wp-json\/wp\/v2\/types\/page"}],"author":[{"embeddable":true,"href":"https:\/\/rajudisain.eu\/et\/wp-json\/wp\/v2\/users\/1"}],"replies":[{"embeddable":true,"href":"https:\/\/rajudisain.eu\/et\/wp-json\/wp\/v2\/comments?post=25222"}],"version-history":[{"count":3,"href":"https:\/\/rajudisain.eu\/et\/wp-json\/wp\/v2\/pages\/25222\/revisions"}],"predecessor-version":[{"id":33478,"href":"https:\/\/rajudisain.eu\/et\/wp-json\/wp\/v2\/pages\/25222\/revisions\/33478"}],"wp:attachment":[{"href":"https:\/\/rajudisain.eu\/et\/wp-json\/wp\/v2\/media?parent=25222"}],"curies":[{"name":"wp","href":"https:\/\/api.w.org\/{rel}","templated":true}]}}